{"id":1905,"date":"2019-06-12T09:53:28","date_gmt":"2019-06-12T08:53:28","guid":{"rendered":"https:\/\/www.sensation.fr\/?page_id=1905"},"modified":"2021-09-07T07:04:35","modified_gmt":"2021-09-07T06:04:35","slug":"realisations","status":"publish","type":"page","link":"https:\/\/www.sensation.fr\/en\/realisations\/","title":{"rendered":"Activity"},"content":{"rendered":"<p><!-- see gallery_shortcode() in functions.php -->\n\t\t<div id='project-thumnail-wrap' class='gallery gallery-columns-1 gallery-size-full'><div class='project-thumnail-item <?php echo 0; ?>'>\n            <div class='col-md-4 project-thumnail'>\n                <a href='https:\/\/www.sensation.fr\/en\/events\/3-valhor_environnement_paysage_lesvictoiresdupaysage_photo6\/'><img loading=\"lazy\" decoding=\"async\" width=\"1900\" height=\"851\" src=\"https:\/\/www.sensation.fr\/wp-content\/uploads\/2018\/01\/3-valhor_environnement_paysage_lesvictoiresdupaysage_photo6.jpg\" class=\"attachment-full size-full\" alt=\"\" srcset=\"https:\/\/www.sensation.fr\/wp-content\/uploads\/2018\/01\/3-valhor_environnement_paysage_lesvictoiresdupaysage_photo6.jpg 1900w, https:\/\/www.sensation.fr\/wp-content\/uploads\/2018\/01\/3-valhor_environnement_paysage_lesvictoiresdupaysage_photo6-300x134.jpg 300w, https:\/\/www.sensation.fr\/wp-content\/uploads\/2018\/01\/3-valhor_environnement_paysage_lesvictoiresdupaysage_photo6-768x344.jpg 768w, https:\/\/www.sensation.fr\/wp-content\/uploads\/2018\/01\/3-valhor_environnement_paysage_lesvictoiresdupaysage_photo6-1024x459.jpg 1024w\" sizes=\"(max-width: 1900px) 100vw, 1900px\" \/><\/a>\n            <\/div><\/div><div class='project-thumnail-item <?php echo 0; ?>'>\n            <div class='col-md-4 project-thumnail'>\n                <a href='https:\/\/www.sensation.fr\/en\/events\/afriqueavenir_forum_meeting_paris_rencontres_agencesensation_evenement_photo2\/'><img loading=\"lazy\" decoding=\"async\" width=\"1901\" height=\"851\" src=\"https:\/\/www.sensation.fr\/wp-content\/uploads\/2018\/01\/afriqueavenir_forum_meeting_paris_rencontres_agencesensation_evenement_photo2.jpg\" class=\"attachment-full size-full\" alt=\"\" srcset=\"https:\/\/www.sensation.fr\/wp-content\/uploads\/2018\/01\/afriqueavenir_forum_meeting_paris_rencontres_agencesensation_evenement_photo2.jpg 1901w, https:\/\/www.sensation.fr\/wp-content\/uploads\/2018\/01\/afriqueavenir_forum_meeting_paris_rencontres_agencesensation_evenement_photo2-300x134.jpg 300w, https:\/\/www.sensation.fr\/wp-content\/uploads\/2018\/01\/afriqueavenir_forum_meeting_paris_rencontres_agencesensation_evenement_photo2-768x344.jpg 768w, https:\/\/www.sensation.fr\/wp-content\/uploads\/2018\/01\/afriqueavenir_forum_meeting_paris_rencontres_agencesensation_evenement_photo2-1024x458.jpg 1024w\" sizes=\"(max-width: 1901px) 100vw, 1901px\" \/><\/a>\n            <\/div><\/div><div class='project-thumnail-item <?php echo 0; ?>'>\n            <div class='col-md-4 project-thumnail'>\n                <a href='https:\/\/www.sensation.fr\/en\/events\/agencefrancaisededeveloppement_voeux_photo2\/'><img loading=\"lazy\" decoding=\"async\" width=\"1901\" height=\"850\" src=\"https:\/\/www.sensation.fr\/wp-content\/uploads\/2018\/01\/agencefrancaisededeveloppement_voeux_photo2.jpg\" class=\"attachment-full size-full\" alt=\"\" srcset=\"https:\/\/www.sensation.fr\/wp-content\/uploads\/2018\/01\/agencefrancaisededeveloppement_voeux_photo2.jpg 1901w, https:\/\/www.sensation.fr\/wp-content\/uploads\/2018\/01\/agencefrancaisededeveloppement_voeux_photo2-300x134.jpg 300w, https:\/\/www.sensation.fr\/wp-content\/uploads\/2018\/01\/agencefrancaisededeveloppement_voeux_photo2-768x343.jpg 768w, https:\/\/www.sensation.fr\/wp-content\/uploads\/2018\/01\/agencefrancaisededeveloppement_voeux_photo2-1024x458.jpg 1024w\" sizes=\"(max-width: 1901px) 100vw, 1901px\" \/><\/a>\n            <\/div><\/div><div class='project-thumnail-item <?php echo 0; ?>'>\n            <div class='col-md-4 project-thumnail'>\n                <a href='https:\/\/www.sensation.fr\/en\/events\/caissedepargne_convention_cadres_corporate_photo8\/'><img loading=\"lazy\" decoding=\"async\" width=\"1900\" height=\"850\" src=\"https:\/\/www.sensation.fr\/wp-content\/uploads\/2018\/01\/caissedepargne_convention_cadres_corporate_photo8.jpg\" class=\"attachment-full size-full\" alt=\"\" srcset=\"https:\/\/www.sensation.fr\/wp-content\/uploads\/2018\/01\/caissedepargne_convention_cadres_corporate_photo8.jpg 1900w, https:\/\/www.sensation.fr\/wp-content\/uploads\/2018\/01\/caissedepargne_convention_cadres_corporate_photo8-300x134.jpg 300w, https:\/\/www.sensation.fr\/wp-content\/uploads\/2018\/01\/caissedepargne_convention_cadres_corporate_photo8-768x344.jpg 768w, https:\/\/www.sensation.fr\/wp-content\/uploads\/2018\/01\/caissedepargne_convention_cadres_corporate_photo8-1024x458.jpg 1024w\" sizes=\"(max-width: 1900px) 100vw, 1900px\" \/><\/a>\n            <\/div><\/div><div class='project-thumnail-item <?php echo 0; ?>'>\n            <div class='col-md-4 project-thumnail'>\n                <a href='https:\/\/www.sensation.fr\/en\/events\/habitatethumanisme_habitat_humanisme_gala_charite_soiree_agencesensationphoto5\/'><img loading=\"lazy\" decoding=\"async\" width=\"1900\" height=\"850\" src=\"https:\/\/www.sensation.fr\/wp-content\/uploads\/2018\/01\/habitatethumanisme_habitat_humanisme_gala_charite_soiree_agencesensationphoto5.jpg\" class=\"attachment-full size-full\" alt=\"\" srcset=\"https:\/\/www.sensation.fr\/wp-content\/uploads\/2018\/01\/habitatethumanisme_habitat_humanisme_gala_charite_soiree_agencesensationphoto5.jpg 1900w, https:\/\/www.sensation.fr\/wp-content\/uploads\/2018\/01\/habitatethumanisme_habitat_humanisme_gala_charite_soiree_agencesensationphoto5-300x134.jpg 300w, https:\/\/www.sensation.fr\/wp-content\/uploads\/2018\/01\/habitatethumanisme_habitat_humanisme_gala_charite_soiree_agencesensationphoto5-768x344.jpg 768w, https:\/\/www.sensation.fr\/wp-content\/uploads\/2018\/01\/habitatethumanisme_habitat_humanisme_gala_charite_soiree_agencesensationphoto5-1024x458.jpg 1024w\" sizes=\"(max-width: 1900px) 100vw, 1900px\" \/><\/a>\n            <\/div><\/div><div class='project-thumnail-item <?php echo 0; ?>'>\n            <div class='col-md-4 project-thumnail'>\n                <a href='https:\/\/www.sensation.fr\/en\/events\/lexus_toyota_groupetoyota_lancement_photo5\/'><img loading=\"lazy\" decoding=\"async\" width=\"1900\" height=\"850\" src=\"https:\/\/www.sensation.fr\/wp-content\/uploads\/2018\/01\/lexus_toyota_groupetoyota_lancement_photo5.jpg\" class=\"attachment-full size-full\" alt=\"\" srcset=\"https:\/\/www.sensation.fr\/wp-content\/uploads\/2018\/01\/lexus_toyota_groupetoyota_lancement_photo5.jpg 1900w, https:\/\/www.sensation.fr\/wp-content\/uploads\/2018\/01\/lexus_toyota_groupetoyota_lancement_photo5-300x134.jpg 300w, https:\/\/www.sensation.fr\/wp-content\/uploads\/2018\/01\/lexus_toyota_groupetoyota_lancement_photo5-768x344.jpg 768w, https:\/\/www.sensation.fr\/wp-content\/uploads\/2018\/01\/lexus_toyota_groupetoyota_lancement_photo5-1024x458.jpg 1024w\" sizes=\"(max-width: 1900px) 100vw, 1900px\" \/><\/a>\n            <\/div><\/div><div class='project-thumnail-item <?php echo 0; ?>'>\n            <div class='col-md-4 project-thumnail'>\n                <a href='https:\/\/www.sensation.fr\/en\/events\/mae_mutuelle_anniversaire_80ans_soiree_pleniere_agencesensation_photo11\/'><img loading=\"lazy\" decoding=\"async\" width=\"1901\" height=\"850\" src=\"https:\/\/www.sensation.fr\/wp-content\/uploads\/2018\/01\/MAE_mutuelle_anniversaire_80ans_soiree_pleniere_agencesensation_photo11.jpg\" class=\"attachment-full size-full\" alt=\"\" srcset=\"https:\/\/www.sensation.fr\/wp-content\/uploads\/2018\/01\/MAE_mutuelle_anniversaire_80ans_soiree_pleniere_agencesensation_photo11.jpg 1901w, https:\/\/www.sensation.fr\/wp-content\/uploads\/2018\/01\/MAE_mutuelle_anniversaire_80ans_soiree_pleniere_agencesensation_photo11-300x134.jpg 300w, https:\/\/www.sensation.fr\/wp-content\/uploads\/2018\/01\/MAE_mutuelle_anniversaire_80ans_soiree_pleniere_agencesensation_photo11-768x343.jpg 768w, https:\/\/www.sensation.fr\/wp-content\/uploads\/2018\/01\/MAE_mutuelle_anniversaire_80ans_soiree_pleniere_agencesensation_photo11-1024x458.jpg 1024w\" sizes=\"(max-width: 1901px) 100vw, 1901px\" \/><\/a>\n            <\/div><\/div><\/div>\n<\/p>","protected":false},"excerpt":{"rendered":"","protected":false},"author":1,"featured_media":0,"parent":0,"menu_order":0,"comment_status":"closed","ping_status":"closed","template":"page-activity.php","meta":{"footnotes":""},"class_list":["post-1905","page","type-page","status-publish","hentry"],"yoast_head":"<!-- This site is optimized with the Yoast SEO plugin v23.7 - https:\/\/yoast.com\/wordpress\/plugins\/seo\/ -->\n<title>Activity - Sensation<\/title>\n<meta name=\"robots\" content=\"index, follow, max-snippet:-1, max-image-preview:large, max-video-preview:-1\" \/>\n<link rel=\"canonical\" href=\"https:\/\/www.sensation.fr\/realisations\/\" \/>\n<meta property=\"og:locale\" content=\"en_US\" \/>\n<meta property=\"og:type\" content=\"article\" \/>\n<meta property=\"og:title\" content=\"[:fr]R\u00e9alisations[:en]Activity[:] - Sensation\" \/>\n<meta property=\"og:url\" content=\"https:\/\/www.sensation.fr\/realisations\/\" \/>\n<meta property=\"og:site_name\" content=\"Sensation\" \/>\n<meta property=\"article:modified_time\" content=\"2021-09-07T06:04:35+00:00\" \/>\n<meta property=\"og:image\" content=\"https:\/\/www.sensation.fr\/wp-content\/uploads\/2021\/01\/Slide-re-event2.png\" \/>\n<meta name=\"twitter:card\" content=\"summary_large_image\" \/>\n<script type=\"application\/ld+json\" class=\"yoast-schema-graph\">{\"@context\":\"https:\/\/schema.org\",\"@graph\":[{\"@type\":\"WebPage\",\"@id\":\"https:\/\/www.sensation.fr\/realisations\/\",\"url\":\"https:\/\/www.sensation.fr\/realisations\/\",\"name\":\"[:fr]R\u00e9alisations[:en]Activity[:] - Sensation\",\"isPartOf\":{\"@id\":\"https:\/\/www.sensation.fr\/#website\"},\"datePublished\":\"2019-06-12T08:53:28+00:00\",\"dateModified\":\"2021-09-07T06:04:35+00:00\",\"breadcrumb\":{\"@id\":\"https:\/\/www.sensation.fr\/realisations\/#breadcrumb\"},\"inLanguage\":\"en-US\",\"potentialAction\":[{\"@type\":\"ReadAction\",\"target\":[\"https:\/\/www.sensation.fr\/realisations\/\"]}]},{\"@type\":\"BreadcrumbList\",\"@id\":\"https:\/\/www.sensation.fr\/realisations\/#breadcrumb\",\"itemListElement\":[{\"@type\":\"ListItem\",\"position\":1,\"name\":\"Accueil\",\"item\":\"https:\/\/www.sensation.fr\/\"},{\"@type\":\"ListItem\",\"position\":2,\"name\":\"R\u00e9alisations\"}]},{\"@type\":\"WebSite\",\"@id\":\"https:\/\/www.sensation.fr\/#website\",\"url\":\"https:\/\/www.sensation.fr\/\",\"name\":\"Sensation\",\"description\":\"cr\u00e9ateur d&#039;\u00e9v\u00e9nements\",\"potentialAction\":[{\"@type\":\"SearchAction\",\"target\":{\"@type\":\"EntryPoint\",\"urlTemplate\":\"https:\/\/www.sensation.fr\/?s={search_term_string}\"},\"query-input\":{\"@type\":\"PropertyValueSpecification\",\"valueRequired\":true,\"valueName\":\"search_term_string\"}}],\"inLanguage\":\"en-US\"}]}<\/script>\n<!-- \/ Yoast SEO plugin. -->","yoast_head_json":{"title":"[:fr]R\u00e9alisations[:en]Activity[:] - Sensation","robots":{"index":"index","follow":"follow","max-snippet":"max-snippet:-1","max-image-preview":"max-image-preview:large","max-video-preview":"max-video-preview:-1"},"canonical":"https:\/\/www.sensation.fr\/realisations\/","og_locale":"en_US","og_type":"article","og_title":"[:fr]R\u00e9alisations[:en]Activity[:] - Sensation","og_url":"https:\/\/www.sensation.fr\/realisations\/","og_site_name":"Sensation","article_modified_time":"2021-09-07T06:04:35+00:00","og_image":[{"url":"https:\/\/www.sensation.fr\/wp-content\/uploads\/2021\/01\/Slide-re-event2.png"}],"twitter_card":"summary_large_image","schema":{"@context":"https:\/\/schema.org","@graph":[{"@type":"WebPage","@id":"https:\/\/www.sensation.fr\/realisations\/","url":"https:\/\/www.sensation.fr\/realisations\/","name":"[:fr]R\u00e9alisations[:en]Activity[:] - Sensation","isPartOf":{"@id":"https:\/\/www.sensation.fr\/#website"},"datePublished":"2019-06-12T08:53:28+00:00","dateModified":"2021-09-07T06:04:35+00:00","breadcrumb":{"@id":"https:\/\/www.sensation.fr\/realisations\/#breadcrumb"},"inLanguage":"en-US","potentialAction":[{"@type":"ReadAction","target":["https:\/\/www.sensation.fr\/realisations\/"]}]},{"@type":"BreadcrumbList","@id":"https:\/\/www.sensation.fr\/realisations\/#breadcrumb","itemListElement":[{"@type":"ListItem","position":1,"name":"Accueil","item":"https:\/\/www.sensation.fr\/"},{"@type":"ListItem","position":2,"name":"R\u00e9alisations"}]},{"@type":"WebSite","@id":"https:\/\/www.sensation.fr\/#website","url":"https:\/\/www.sensation.fr\/","name":"Sensation","description":"cr\u00e9ateur d&#039;\u00e9v\u00e9nements","potentialAction":[{"@type":"SearchAction","target":{"@type":"EntryPoint","urlTemplate":"https:\/\/www.sensation.fr\/?s={search_term_string}"},"query-input":{"@type":"PropertyValueSpecification","valueRequired":true,"valueName":"search_term_string"}}],"inLanguage":"en-US"}]}},"_links":{"self":[{"href":"https:\/\/www.sensation.fr\/en\/wp-json\/wp\/v2\/pages\/1905"}],"collection":[{"href":"https:\/\/www.sensation.fr\/en\/wp-json\/wp\/v2\/pages"}],"about":[{"href":"https:\/\/www.sensation.fr\/en\/wp-json\/wp\/v2\/types\/page"}],"author":[{"embeddable":true,"href":"https:\/\/www.sensation.fr\/en\/wp-json\/wp\/v2\/users\/1"}],"replies":[{"embeddable":true,"href":"https:\/\/www.sensation.fr\/en\/wp-json\/wp\/v2\/comments?post=1905"}],"version-history":[{"count":20,"href":"https:\/\/www.sensation.fr\/en\/wp-json\/wp\/v2\/pages\/1905\/revisions"}],"predecessor-version":[{"id":2888,"href":"https:\/\/www.sensation.fr\/en\/wp-json\/wp\/v2\/pages\/1905\/revisions\/2888"}],"wp:attachment":[{"href":"https:\/\/www.sensation.fr\/en\/wp-json\/wp\/v2\/media?parent=1905"}],"curies":[{"name":"wp","href":"https:\/\/api.w.org\/{rel}","templated":true}]}}