{"id":1962,"date":"2019-06-17T07:10:00","date_gmt":"2019-06-17T06:10:00","guid":{"rendered":"https:\/\/www.sensation.fr\/?page_id=1962"},"modified":"2021-09-14T07:37:35","modified_gmt":"2021-09-14T06:37:35","slug":"politique-de-confidentialite","status":"publish","type":"page","link":"https:\/\/www.sensation.fr\/en\/politique-de-confidentialite\/","title":{"rendered":""},"content":{"rendered":"<div class=\"pgae-top\">\n<div class=\"en-text1\">\n<h3 style=\"text-align: left; margin-top: 30px;\">MENTIONS L\u00c9GALES<\/h3>\n<p style=\"text-align: left;\"><b>Le pr\u00e9sent site Internet est la propri\u00e9t\u00e9 de sensation !<\/b><\/p>\n<p style=\"text-align: left;\">6, rue d\u2019Armaill\u00e9<br \/>75017 Paris &#8211; France<br \/>T\u00e9l. +33 (0)1 44 17 06 06<br \/><a href=\"mailto:dabs@sensation.fr\">dabs@sensation.fr<\/a><\/p>\n<p style=\"text-align: left;\">SARL capital 160.000 \u20ac \u2022 RCS Paris 423 300 623 \u2022 N\u00b0 TVA intracommunautaire FR 94 423 300 623<br \/>Directeur de publication : Dan-Antoine Blanc-Shapira<br \/>Pour tout renseignement relatif \u00e0 <a href=\"https:\/\/www.sensation.fr\">www.sensation.fr<\/a> vous pouvez envoyer un courriel \u00e0 l\u2019adresse suivante : <a href=\"mailto:dabs@sensation.fr\">dabs@sensation.fr<\/a><\/p>\n<p style=\"text-align: left;\">Le site est d\u00e9velopp\u00e9 et maintenu par la soci\u00e9t\u00e9 Suzaku Productions <a href=\"https:\/\/www.suzakuproductions.com\">https:\/\/www.suzakuproductions.com<\/a><\/p>\n<p style=\"text-align: left;\">Le site est h\u00e9berg\u00e9 par la soci\u00e9t\u00e9 EURL Ziofix<br \/><a href=\"http:\/\/www.Ziofix.fr\">www.Ziofix.fr<\/a><span class=\"Apple-converted-space\"><br \/><\/span>1 Avenue Aristide Briand, 93160 Noisy-le-Grand. \u2022 09 50 15 42 85<\/p>\n<h3>\u00a0<\/h3>\n<h3 style=\"text-align: left; margin-bottom: 15px;\">\u200bCOPYRIGHT<\/h3>\n<p style=\"text-align: left;\">Tous les \u00e9l\u00e9ments du site pr\u00e9sents sur <a href=\"https:\/\/www.sensation.fr\">www.sensation.fr<\/a> sont prot\u00e9g\u00e9s par la l\u00e9gislation sur le droit d\u2019auteur et la propri\u00e9t\u00e9 intellectuelle.<\/p>\n<p style=\"text-align: left;\">Elles peuvent \u00eatre reproduites sous ces conditions :<\/p>\n<ul>\n<li style=\"list-style-type: none;\">\n<ul style=\"text-align: left; margin-left: 15px;\">\n<li>\n<p>un mail de demande \u00e0 l\u2019adresse <a href=\"mailto:dabs@sensation.fr\">dabs@sensation.fr<\/a><\/p>\n<\/li>\n<li>\n<p>la citation de la source et le lien y renvoyant<\/p>\n<\/li>\n<li>\n<p>le respect de l\u2019int\u00e9grit\u00e9 de l\u2019information reproduite<\/p>\n<\/li>\n<\/ul>\n<\/li>\n<\/ul>\n<p>&nbsp;<\/p>\n<h3 style=\"text-align: left; margin-bottom: 15px;\">RESPONSABILIT\u00c9S<\/h3>\n<p style=\"text-align: left;\">Les informations contenues dans les pages de ce site sont fournies \u00e0 titre purement indicatif et restent susceptibles de modifications \u00e0 tout moment et sans pr\u00e9avis. sensation ! ne saurait \u00eatre tenu pour responsable des erreurs, omissions ou d\u00e9lais de mise \u00e0 jour des informations disponibles sur ce site. <b>sensation !<\/b> d\u00e9cline toute responsabilit\u00e9 quant \u00e0 l\u2019utilisation qui pourrait \u00eatre faite par quiconque des informations contenues dans ce site. Les liens vers d\u2019autres sites ne constituent, en aucun cas, une approbation ou un partenariat entre sensation ! et ces sites, ceux-l\u00e0 \u00e9tant soumis \u00e0 leurs propres conditions d\u2019utilisation et politiques de protection de la vie priv\u00e9e. <b>sensation !<\/b> ne saurait \u00eatre responsable des dommages qui pourraient r\u00e9sulter de l\u2019acc\u00e8s ou de l\u2019utilisation du site, incluant toutes d\u00e9t\u00e9riorations ou virus qui pourraient infecter votre \u00e9quipement informatique ou tout autre bien. L\u2019utilisateur reconna\u00eet \u00e9galement avoir pris connaissance de la pr\u00e9sente notice l\u00e9gale et s\u2019engage \u00e0 la respecter.<\/p>\n<p>&nbsp;<\/p>\n<h3 style=\"text-align: left; margin-bottom: 15px;\">DONN\u00c9ES PERSONNELLES<\/h3>\n<p style=\"text-align: left;\">Conform\u00e9ment aux dispositions de la loi n\u00b0 78-17 du 6 janvier 1978 relative \u00e0 l&#8217;informatique, aux fichiers et aux libert\u00e9s, aucune information personnelle n&#8217;est collect\u00e9e \u00e0 votre insu ou c\u00e9d\u00e9e \u00e0 des tiers.<\/p>\n<p style=\"text-align: left;\">Vous disposez d&#8217;un droit d&#8217;acc\u00e8s, de rectification et de suppression sur l\u2019ensemble des donn\u00e9es qui vous concernent. Pour exercer ces droits, vous pouvez \u00e9crire \u00e0 notre service client\u00e8le \u00e0 l\u2019adresse suivante : <a href=\"mailto:dabs@sensation.fr\">dabs@sensation.fr<\/a><\/p>\n<p>&nbsp;<\/p>\n<h3 style=\"text-align: left; margin-bottom: 15px;\">COOKIES<\/h3>\n<p style=\"text-align: left;\"><i>Qu\u2019est-ce qu\u2019un cookie ?<\/i><\/p>\n<p style=\"text-align: left;\">Les cookies sont de petits fichiers texte qu&#8217;un serveur Web place sur votre terminal (ordinateur, tablette, smartphone\u2026) lorsque vous visitez une page web. Quand il est utilis\u00e9 par un site, le cookie peut aider \u00e0 rendre une page web plus conviviale et faciliter la navigation, notamment en se souvenant de vos r\u00e9glages. Seul l\u2019\u00e9metteur d&#8217;un cookie est susceptible de lire ou de modifier des informations qui y sont contenues.<\/p>\n<p style=\"text-align: left;\"><b>sensation ! <\/b>utilise uniquement des cookies anonymes d&#8217;analytique : ils servent \u00e0 analyser et mesurer le trafic sur le Site. Il s\u2019agit notamment du cookie <a href=\"http:\/\/www.google.com\/analytics\/learn\/privacy.html\">Google Analytics<\/a>.<\/p>\n<p style=\"text-align: left;\">Sinon, <b>sensation !<\/b> est une agence qui raffole des cookies au chocolat biologiques et \u00e9quitables, n&#8217;h\u00e9sitez pas \u00e0 venir en d\u00e9guster avec nous !<\/p>\n<\/div>\n<p>&nbsp;<\/p>\n<\/div>\n","protected":false},"excerpt":{"rendered":"<p>MENTIONS L\u00c9GALES Le pr\u00e9sent site Internet est la propri\u00e9t\u00e9 de sensation ! 6, rue d\u2019Armaill\u00e975017 Paris &#8211; FranceT\u00e9l. +33 (0)1 44 17 06 06dabs@sensation.fr SARL capital 160.000 \u20ac \u2022 RCS Paris 423 300 623 \u2022 N\u00b0 TVA intracommunautaire FR 94 423 300 623Directeur de publication : Dan-Antoine Blanc-ShapiraPour tout renseignement relatif \u00e0 www.sensation.fr vous pouvez [&hellip;]<\/p>\n","protected":false},"author":1,"featured_media":0,"parent":0,"menu_order":0,"comment_status":"closed","ping_status":"closed","template":"","meta":{"footnotes":""},"class_list":["post-1962","page","type-page","status-publish","hentry"],"yoast_head":"<!-- This site is optimized with the Yoast SEO plugin v23.7 - https:\/\/yoast.com\/wordpress\/plugins\/seo\/ -->\n<title>- Sensation<\/title>\n<meta name=\"description\" content=\"Conform\u00e9ment aux dispositions de la loi n\u00b0 78-17 du 6 janvier 1978 relative \u00e0 l&#039;informatique, aux fichiers et aux libert\u00e9s, aucune information personnelle n&#039;est collect\u00e9e \u00e0 votre insu ou c\u00e9d\u00e9e \u00e0 des tiers.Vous disposez d&#039;un droit d&#039;acc\u00e8s, de rectification et de suppression sur l\u2019ensemble des donn\u00e9es qui vous concernent. Pour exercer ces droits, vous pouvez \u00e9crire \u00e0 notre service client\u00e8le \u00e0 l\u2019adresse suivante : dabs@sensation.fr\" \/>\n<meta name=\"robots\" content=\"index, follow, max-snippet:-1, max-image-preview:large, max-video-preview:-1\" \/>\n<link rel=\"canonical\" href=\"https:\/\/www.sensation.fr\/politique-de-confidentialite\/\" \/>\n<meta property=\"og:locale\" content=\"en_US\" \/>\n<meta property=\"og:type\" content=\"article\" \/>\n<meta property=\"og:title\" content=\"- Sensation\" \/>\n<meta property=\"og:description\" content=\"Conform\u00e9ment aux dispositions de la loi n\u00b0 78-17 du 6 janvier 1978 relative \u00e0 l&#039;informatique, aux fichiers et aux libert\u00e9s, aucune information personnelle n&#039;est collect\u00e9e \u00e0 votre insu ou c\u00e9d\u00e9e \u00e0 des tiers.Vous disposez d&#039;un droit d&#039;acc\u00e8s, de rectification et de suppression sur l\u2019ensemble des donn\u00e9es qui vous concernent. Pour exercer ces droits, vous pouvez \u00e9crire \u00e0 notre service client\u00e8le \u00e0 l\u2019adresse suivante : dabs@sensation.fr\" \/>\n<meta property=\"og:url\" content=\"https:\/\/www.sensation.fr\/politique-de-confidentialite\/\" \/>\n<meta property=\"og:site_name\" content=\"Sensation\" \/>\n<meta property=\"article:modified_time\" content=\"2021-09-14T06:37:35+00:00\" \/>\n<meta name=\"twitter:card\" content=\"summary_large_image\" \/>\n<meta name=\"twitter:label1\" content=\"Est. reading time\" \/>\n\t<meta name=\"twitter:data1\" content=\"3 minutes\" \/>\n<script type=\"application\/ld+json\" class=\"yoast-schema-graph\">{\"@context\":\"https:\/\/schema.org\",\"@graph\":[{\"@type\":\"WebPage\",\"@id\":\"https:\/\/www.sensation.fr\/politique-de-confidentialite\/\",\"url\":\"https:\/\/www.sensation.fr\/politique-de-confidentialite\/\",\"name\":\"- Sensation\",\"isPartOf\":{\"@id\":\"https:\/\/www.sensation.fr\/#website\"},\"datePublished\":\"2019-06-17T06:10:00+00:00\",\"dateModified\":\"2021-09-14T06:37:35+00:00\",\"description\":\"Conform\u00e9ment aux dispositions de la loi n\u00b0 78-17 du 6 janvier 1978 relative \u00e0 l'informatique, aux fichiers et aux libert\u00e9s, aucune information personnelle n'est collect\u00e9e \u00e0 votre insu ou c\u00e9d\u00e9e \u00e0 des tiers.Vous disposez d'un droit d'acc\u00e8s, de rectification et de suppression sur l\u2019ensemble des donn\u00e9es qui vous concernent. Pour exercer ces droits, vous pouvez \u00e9crire \u00e0 notre service client\u00e8le \u00e0 l\u2019adresse suivante : dabs@sensation.fr\",\"inLanguage\":\"en-US\",\"potentialAction\":[{\"@type\":\"ReadAction\",\"target\":[\"https:\/\/www.sensation.fr\/politique-de-confidentialite\/\"]}]},{\"@type\":\"WebSite\",\"@id\":\"https:\/\/www.sensation.fr\/#website\",\"url\":\"https:\/\/www.sensation.fr\/\",\"name\":\"Sensation\",\"description\":\"cr\u00e9ateur d&#039;\u00e9v\u00e9nements\",\"potentialAction\":[{\"@type\":\"SearchAction\",\"target\":{\"@type\":\"EntryPoint\",\"urlTemplate\":\"https:\/\/www.sensation.fr\/?s={search_term_string}\"},\"query-input\":{\"@type\":\"PropertyValueSpecification\",\"valueRequired\":true,\"valueName\":\"search_term_string\"}}],\"inLanguage\":\"en-US\"}]}<\/script>\n<!-- \/ Yoast SEO plugin. -->","yoast_head_json":{"title":"- Sensation","description":"Conform\u00e9ment aux dispositions de la loi n\u00b0 78-17 du 6 janvier 1978 relative \u00e0 l'informatique, aux fichiers et aux libert\u00e9s, aucune information personnelle n'est collect\u00e9e \u00e0 votre insu ou c\u00e9d\u00e9e \u00e0 des tiers.Vous disposez d'un droit d'acc\u00e8s, de rectification et de suppression sur l\u2019ensemble des donn\u00e9es qui vous concernent. Pour exercer ces droits, vous pouvez \u00e9crire \u00e0 notre service client\u00e8le \u00e0 l\u2019adresse suivante : dabs@sensation.fr","robots":{"index":"index","follow":"follow","max-snippet":"max-snippet:-1","max-image-preview":"max-image-preview:large","max-video-preview":"max-video-preview:-1"},"canonical":"https:\/\/www.sensation.fr\/politique-de-confidentialite\/","og_locale":"en_US","og_type":"article","og_title":"- Sensation","og_description":"Conform\u00e9ment aux dispositions de la loi n\u00b0 78-17 du 6 janvier 1978 relative \u00e0 l'informatique, aux fichiers et aux libert\u00e9s, aucune information personnelle n'est collect\u00e9e \u00e0 votre insu ou c\u00e9d\u00e9e \u00e0 des tiers.Vous disposez d'un droit d'acc\u00e8s, de rectification et de suppression sur l\u2019ensemble des donn\u00e9es qui vous concernent. Pour exercer ces droits, vous pouvez \u00e9crire \u00e0 notre service client\u00e8le \u00e0 l\u2019adresse suivante : dabs@sensation.fr","og_url":"https:\/\/www.sensation.fr\/politique-de-confidentialite\/","og_site_name":"Sensation","article_modified_time":"2021-09-14T06:37:35+00:00","twitter_card":"summary_large_image","twitter_misc":{"Est. reading time":"3 minutes"},"schema":{"@context":"https:\/\/schema.org","@graph":[{"@type":"WebPage","@id":"https:\/\/www.sensation.fr\/politique-de-confidentialite\/","url":"https:\/\/www.sensation.fr\/politique-de-confidentialite\/","name":"- Sensation","isPartOf":{"@id":"https:\/\/www.sensation.fr\/#website"},"datePublished":"2019-06-17T06:10:00+00:00","dateModified":"2021-09-14T06:37:35+00:00","description":"Conform\u00e9ment aux dispositions de la loi n\u00b0 78-17 du 6 janvier 1978 relative \u00e0 l'informatique, aux fichiers et aux libert\u00e9s, aucune information personnelle n'est collect\u00e9e \u00e0 votre insu ou c\u00e9d\u00e9e \u00e0 des tiers.Vous disposez d'un droit d'acc\u00e8s, de rectification et de suppression sur l\u2019ensemble des donn\u00e9es qui vous concernent. Pour exercer ces droits, vous pouvez \u00e9crire \u00e0 notre service client\u00e8le \u00e0 l\u2019adresse suivante : dabs@sensation.fr","inLanguage":"en-US","potentialAction":[{"@type":"ReadAction","target":["https:\/\/www.sensation.fr\/politique-de-confidentialite\/"]}]},{"@type":"WebSite","@id":"https:\/\/www.sensation.fr\/#website","url":"https:\/\/www.sensation.fr\/","name":"Sensation","description":"cr\u00e9ateur d&#039;\u00e9v\u00e9nements","potentialAction":[{"@type":"SearchAction","target":{"@type":"EntryPoint","urlTemplate":"https:\/\/www.sensation.fr\/?s={search_term_string}"},"query-input":{"@type":"PropertyValueSpecification","valueRequired":true,"valueName":"search_term_string"}}],"inLanguage":"en-US"}]}},"_links":{"self":[{"href":"https:\/\/www.sensation.fr\/en\/wp-json\/wp\/v2\/pages\/1962"}],"collection":[{"href":"https:\/\/www.sensation.fr\/en\/wp-json\/wp\/v2\/pages"}],"about":[{"href":"https:\/\/www.sensation.fr\/en\/wp-json\/wp\/v2\/types\/page"}],"author":[{"embeddable":true,"href":"https:\/\/www.sensation.fr\/en\/wp-json\/wp\/v2\/users\/1"}],"replies":[{"embeddable":true,"href":"https:\/\/www.sensation.fr\/en\/wp-json\/wp\/v2\/comments?post=1962"}],"version-history":[{"count":42,"href":"https:\/\/www.sensation.fr\/en\/wp-json\/wp\/v2\/pages\/1962\/revisions"}],"predecessor-version":[{"id":2892,"href":"https:\/\/www.sensation.fr\/en\/wp-json\/wp\/v2\/pages\/1962\/revisions\/2892"}],"wp:attachment":[{"href":"https:\/\/www.sensation.fr\/en\/wp-json\/wp\/v2\/media?parent=1962"}],"curies":[{"name":"wp","href":"https:\/\/api.w.org\/{rel}","templated":true}]}}