{"id":336,"date":"2017-10-12T08:01:20","date_gmt":"2017-10-12T08:01:20","guid":{"rendered":"https:\/\/www.sensation.fr\/?page_id=336"},"modified":"2018-01-17T14:49:34","modified_gmt":"2018-01-17T14:49:34","slug":"news","status":"publish","type":"page","link":"https:\/\/www.sensation.fr\/en\/news\/","title":{"rendered":"News"},"content":{"rendered":"<!-- see gallery_shortcode() in functions.php -->\n\t\t<div id='project-thumnail-wrap' class='gallery gallery-columns-1 gallery-size-full'><div class='project-thumnail-item <?php echo 0; ?>'>\n            <div class='col-md-4 project-thumnail'>\n                <a href='https:\/\/www.sensation.fr\/en\/news\/levenementiel-4\/'><img loading=\"lazy\" decoding=\"async\" width=\"500\" height=\"500\" src=\"https:\/\/www.sensation.fr\/wp-content\/uploads\/2018\/01\/L\u00c9v\u00e9nementiel-2.png\" class=\"attachment-full size-full\" alt=\"\" srcset=\"https:\/\/www.sensation.fr\/wp-content\/uploads\/2018\/01\/L\u00c9v\u00e9nementiel-2.png 500w, https:\/\/www.sensation.fr\/wp-content\/uploads\/2018\/01\/L\u00c9v\u00e9nementiel-2-150x150.png 150w, https:\/\/www.sensation.fr\/wp-content\/uploads\/2018\/01\/L\u00c9v\u00e9nementiel-2-300x300.png 300w\" sizes=\"(max-width: 500px) 100vw, 500px\" \/><\/a>\n            <\/div>\n                <p class='wp-caption-text project-thumnail-caption'>\n                https:\/\/www.sensation.fr\/wp-content\/uploads\/2017\/12\/article_evenementiel_dossier-DD_mars-2015.pdf\n                <\/p><\/div><div class='project-thumnail-item <?php echo 0; ?>'>\n            <div class='col-md-4 project-thumnail'>\n                <a href='https:\/\/www.sensation.fr\/en\/news\/le-nouvel-economiste-3\/'><img loading=\"lazy\" decoding=\"async\" width=\"500\" height=\"500\" src=\"https:\/\/www.sensation.fr\/wp-content\/uploads\/2018\/01\/Le-Nouvel-Economiste-1.png\" class=\"attachment-full size-full\" alt=\"\" srcset=\"https:\/\/www.sensation.fr\/wp-content\/uploads\/2018\/01\/Le-Nouvel-Economiste-1.png 500w, https:\/\/www.sensation.fr\/wp-content\/uploads\/2018\/01\/Le-Nouvel-Economiste-1-150x150.png 150w, https:\/\/www.sensation.fr\/wp-content\/uploads\/2018\/01\/Le-Nouvel-Economiste-1-300x300.png 300w\" sizes=\"(max-width: 500px) 100vw, 500px\" \/><\/a>\n            <\/div>\n                <p class='wp-caption-text project-thumnail-caption'>\n                https:\/\/www.sensation.fr\/wp-content\/uploads\/2017\/12\/article-Nouvel-Economiste-evenementielDD-110511.pdf\n                <\/p><\/div><div class='project-thumnail-item <?php echo 0; ?>'>\n            <div class='col-md-4 project-thumnail'>\n                <a href='https:\/\/www.sensation.fr\/en\/meet-in-2\/'><img loading=\"lazy\" decoding=\"async\" width=\"500\" height=\"500\" src=\"https:\/\/www.sensation.fr\/wp-content\/uploads\/2017\/12\/Meet-in.png\" class=\"attachment-full size-full\" alt=\"\" srcset=\"https:\/\/www.sensation.fr\/wp-content\/uploads\/2017\/12\/Meet-in.png 500w, https:\/\/www.sensation.fr\/wp-content\/uploads\/2017\/12\/Meet-in-150x150.png 150w, https:\/\/www.sensation.fr\/wp-content\/uploads\/2017\/12\/Meet-in-300x300.png 300w\" sizes=\"(max-width: 500px) 100vw, 500px\" \/><\/a>\n            <\/div>\n                <p class='wp-caption-text project-thumnail-caption'>\n                https:\/\/www.sensation.fr\/wp-content\/uploads\/2017\/12\/Meet-In.png\n                <\/p><\/div><div class='project-thumnail-item <?php echo 0; ?>'>\n            <div class='col-md-4 project-thumnail'>\n                <a href='https:\/\/www.sensation.fr\/en\/voyages-et-strategies\/'><img loading=\"lazy\" decoding=\"async\" width=\"500\" height=\"500\" src=\"https:\/\/www.sensation.fr\/wp-content\/uploads\/2017\/12\/Voyages-et-Strat\u00e9gies.png\" class=\"attachment-full size-full\" alt=\"\" srcset=\"https:\/\/www.sensation.fr\/wp-content\/uploads\/2017\/12\/Voyages-et-Strat\u00e9gies.png 500w, https:\/\/www.sensation.fr\/wp-content\/uploads\/2017\/12\/Voyages-et-Strat\u00e9gies-150x150.png 150w, https:\/\/www.sensation.fr\/wp-content\/uploads\/2017\/12\/Voyages-et-Strat\u00e9gies-300x300.png 300w\" sizes=\"(max-width: 500px) 100vw, 500px\" \/><\/a>\n            <\/div>\n                <p class='wp-caption-text project-thumnail-caption'>\n                https:\/\/www.sensation.fr\/wp-content\/uploads\/2018\/01\/Voyage-_-Strategies-RSE-oct-2015-P1.pdf\n                <\/p><\/div><div class='project-thumnail-item <?php echo 0; ?>'>\n            <div class='col-md-4 project-thumnail'>\n                <a href='https:\/\/www.sensation.fr\/en\/strategies\/'><img loading=\"lazy\" decoding=\"async\" width=\"500\" height=\"500\" src=\"https:\/\/www.sensation.fr\/wp-content\/uploads\/2017\/12\/strategies.png\" class=\"attachment-full size-full\" alt=\"\" srcset=\"https:\/\/www.sensation.fr\/wp-content\/uploads\/2017\/12\/strategies.png 500w, https:\/\/www.sensation.fr\/wp-content\/uploads\/2017\/12\/strategies-150x150.png 150w, https:\/\/www.sensation.fr\/wp-content\/uploads\/2017\/12\/strategies-300x300.png 300w\" sizes=\"(max-width: 500px) 100vw, 500px\" \/><\/a>\n            <\/div>\n                <p class='wp-caption-text project-thumnail-caption'>\n                https:\/\/www.sensation.fr\/wp-content\/uploads\/2017\/12\/Tribune-Strategies-DABS-fev-2016.pdf\n                <\/p><\/div><div class='project-thumnail-item <?php echo 0; ?>'>\n            <div class='col-md-4 project-thumnail'>\n                <a href='https:\/\/www.sensation.fr\/en\/news\/levenementiel-2\/'><img loading=\"lazy\" decoding=\"async\" width=\"500\" height=\"500\" src=\"https:\/\/www.sensation.fr\/wp-content\/uploads\/2018\/01\/L\u00c9v\u00e9nementiel.png\" class=\"attachment-full size-full\" alt=\"\" srcset=\"https:\/\/www.sensation.fr\/wp-content\/uploads\/2018\/01\/L\u00c9v\u00e9nementiel.png 500w, https:\/\/www.sensation.fr\/wp-content\/uploads\/2018\/01\/L\u00c9v\u00e9nementiel-150x150.png 150w, https:\/\/www.sensation.fr\/wp-content\/uploads\/2018\/01\/L\u00c9v\u00e9nementiel-300x300.png 300w\" sizes=\"(max-width: 500px) 100vw, 500px\" \/><\/a>\n            <\/div>\n                <p class='wp-caption-text project-thumnail-caption'>\n                https:\/\/www.sensation.fr\/wp-content\/uploads\/2017\/12\/Levenementiel-avril-2017.png\n                <\/p><\/div><div class='project-thumnail-item <?php echo 0; ?>'>\n            <div class='col-md-4 project-thumnail'>\n                <a href='https:\/\/www.sensation.fr\/en\/news\/strategies-3\/'><img loading=\"lazy\" decoding=\"async\" width=\"500\" height=\"500\" src=\"https:\/\/www.sensation.fr\/wp-content\/uploads\/2018\/01\/strategies.png\" class=\"attachment-full size-full\" alt=\"\" srcset=\"https:\/\/www.sensation.fr\/wp-content\/uploads\/2018\/01\/strategies.png 500w, https:\/\/www.sensation.fr\/wp-content\/uploads\/2018\/01\/strategies-150x150.png 150w, https:\/\/www.sensation.fr\/wp-content\/uploads\/2018\/01\/strategies-300x300.png 300w\" sizes=\"(max-width: 500px) 100vw, 500px\" \/><\/a>\n            <\/div>\n                <p class='wp-caption-text project-thumnail-caption'>\n                https:\/\/www.sensation.fr\/wp-content\/uploads\/2017\/12\/Article-Strategies-Barometre-avril-2014.png\n                <\/p><\/div><div class='project-thumnail-item <?php echo 0; ?>'>\n            <div class='col-md-4 project-thumnail'>\n                <a href='https:\/\/www.sensation.fr\/en\/le-nouvel-economiste\/'><img loading=\"lazy\" decoding=\"async\" width=\"500\" height=\"500\" src=\"https:\/\/www.sensation.fr\/wp-content\/uploads\/2017\/12\/Le-Nouvel-Economiste.png\" class=\"attachment-full size-full\" alt=\"\" srcset=\"https:\/\/www.sensation.fr\/wp-content\/uploads\/2017\/12\/Le-Nouvel-Economiste.png 500w, https:\/\/www.sensation.fr\/wp-content\/uploads\/2017\/12\/Le-Nouvel-Economiste-150x150.png 150w, https:\/\/www.sensation.fr\/wp-content\/uploads\/2017\/12\/Le-Nouvel-Economiste-300x300.png 300w\" sizes=\"(max-width: 500px) 100vw, 500px\" \/><\/a>\n            <\/div>\n                <p class='wp-caption-text project-thumnail-caption'>\n                https:\/\/www.sensation.fr\/wp-content\/uploads\/2017\/12\/Nouvel-Economiste-30-mars-page-2.pdf\n                <\/p><\/div><div class='project-thumnail-item <?php echo 0; ?>'>\n            <div class='col-md-4 project-thumnail'>\n                <a href='https:\/\/www.sensation.fr\/en\/eau-de-paris-30\/'><img loading=\"lazy\" decoding=\"async\" width=\"500\" height=\"500\" src=\"https:\/\/www.sensation.fr\/wp-content\/uploads\/2017\/12\/Eau-de-Paris.png\" class=\"attachment-full size-full\" alt=\"\" srcset=\"https:\/\/www.sensation.fr\/wp-content\/uploads\/2017\/12\/Eau-de-Paris.png 500w, https:\/\/www.sensation.fr\/wp-content\/uploads\/2017\/12\/Eau-de-Paris-150x150.png 150w, https:\/\/www.sensation.fr\/wp-content\/uploads\/2017\/12\/Eau-de-Paris-300x300.png 300w\" sizes=\"(max-width: 500px) 100vw, 500px\" \/><\/a>\n            <\/div>\n                <p class='wp-caption-text project-thumnail-caption'>\n                https:\/\/www.sensation.fr\/wp-content\/uploads\/2017\/12\/Meet-in-Eau-de-Paris-sept2014.pdf\n                <\/p><\/div><div class='project-thumnail-item <?php echo 0; ?>'>\n            <div class='col-md-4 project-thumnail'>\n                <a href='https:\/\/www.sensation.fr\/en\/le-monde-2\/'><img loading=\"lazy\" decoding=\"async\" width=\"500\" height=\"500\" src=\"https:\/\/www.sensation.fr\/wp-content\/uploads\/2017\/12\/Le-Monde-1.png\" class=\"attachment-full size-full\" alt=\"\" srcset=\"https:\/\/www.sensation.fr\/wp-content\/uploads\/2017\/12\/Le-Monde-1.png 500w, https:\/\/www.sensation.fr\/wp-content\/uploads\/2017\/12\/Le-Monde-1-150x150.png 150w, https:\/\/www.sensation.fr\/wp-content\/uploads\/2017\/12\/Le-Monde-1-300x300.png 300w\" sizes=\"(max-width: 500px) 100vw, 500px\" \/><\/a>\n            <\/div>\n                <p class='wp-caption-text project-thumnail-caption'>\n                https:\/\/www.sensation.fr\/wp-content\/uploads\/2017\/12\/Le-Monde-12_2_2013-article-DD-DABS-coul.pdf\n                <\/p><\/div><div class='project-thumnail-item <?php echo 0; ?>'>\n            <div class='col-md-4 project-thumnail'>\n                <a href='https:\/\/www.sensation.fr\/en\/news\/le-nouvel-economiste-2\/'><img loading=\"lazy\" decoding=\"async\" width=\"500\" height=\"500\" src=\"https:\/\/www.sensation.fr\/wp-content\/uploads\/2018\/01\/Le-Nouvel-Economiste.png\" class=\"attachment-full size-full\" alt=\"\" srcset=\"https:\/\/www.sensation.fr\/wp-content\/uploads\/2018\/01\/Le-Nouvel-Economiste.png 500w, https:\/\/www.sensation.fr\/wp-content\/uploads\/2018\/01\/Le-Nouvel-Economiste-150x150.png 150w, https:\/\/www.sensation.fr\/wp-content\/uploads\/2018\/01\/Le-Nouvel-Economiste-300x300.png 300w\" sizes=\"(max-width: 500px) 100vw, 500px\" \/><\/a>\n            <\/div>\n                <p class='wp-caption-text project-thumnail-caption'>\n                https:\/\/www.sensation.fr\/wp-content\/uploads\/2017\/12\/Nouvel-eco-2.pdf\n                <\/p><\/div><div class='project-thumnail-item <?php echo 0; ?>'>\n            <div class='col-md-4 project-thumnail'>\n                <a href='https:\/\/www.sensation.fr\/en\/news\/levenementiel-3\/'><img loading=\"lazy\" decoding=\"async\" width=\"500\" height=\"500\" src=\"https:\/\/www.sensation.fr\/wp-content\/uploads\/2018\/01\/L\u00c9v\u00e9nementiel-1.png\" class=\"attachment-full size-full\" alt=\"\" srcset=\"https:\/\/www.sensation.fr\/wp-content\/uploads\/2018\/01\/L\u00c9v\u00e9nementiel-1.png 500w, https:\/\/www.sensation.fr\/wp-content\/uploads\/2018\/01\/L\u00c9v\u00e9nementiel-1-150x150.png 150w, https:\/\/www.sensation.fr\/wp-content\/uploads\/2018\/01\/L\u00c9v\u00e9nementiel-1-300x300.png 300w\" sizes=\"(max-width: 500px) 100vw, 500px\" \/><\/a>\n            <\/div>\n                <p class='wp-caption-text project-thumnail-caption'>\n                https:\/\/www.sensation.fr\/wp-content\/uploads\/2017\/12\/dossier-developpement-durable-evenement-d-entreprisepdf.pdf\n                <\/p><\/div><div class='project-thumnail-item <?php echo 0; ?>'>\n            <div class='col-md-4 project-thumnail'>\n                <a href='https:\/\/www.sensation.fr\/en\/evenements-conventions\/'><img loading=\"lazy\" decoding=\"async\" width=\"500\" height=\"500\" src=\"https:\/\/www.sensation.fr\/wp-content\/uploads\/2017\/12\/\u00c9v\u00e9nements-Conventions.png\" class=\"attachment-full size-full\" alt=\"\" srcset=\"https:\/\/www.sensation.fr\/wp-content\/uploads\/2017\/12\/\u00c9v\u00e9nements-Conventions.png 500w, https:\/\/www.sensation.fr\/wp-content\/uploads\/2017\/12\/\u00c9v\u00e9nements-Conventions-150x150.png 150w, https:\/\/www.sensation.fr\/wp-content\/uploads\/2017\/12\/\u00c9v\u00e9nements-Conventions-300x300.png 300w\" sizes=\"(max-width: 500px) 100vw, 500px\" \/><\/a>\n            <\/div>\n                <p class='wp-caption-text project-thumnail-caption'>\n                https:\/\/www.sensation.fr\/wp-content\/uploads\/2017\/12\/Evenements-Convention-dec-2016.pdf\n                <\/p><\/div><div class='project-thumnail-item <?php echo 0; ?>'>\n            <div class='col-md-4 project-thumnail'>\n                <a href='https:\/\/www.sensation.fr\/en\/levenementiel\/'><img loading=\"lazy\" decoding=\"async\" width=\"500\" height=\"500\" src=\"https:\/\/www.sensation.fr\/wp-content\/uploads\/2017\/12\/L\u00c9v\u00e9nementiel.png\" class=\"attachment-full size-full\" alt=\"\" srcset=\"https:\/\/www.sensation.fr\/wp-content\/uploads\/2017\/12\/L\u00c9v\u00e9nementiel.png 500w, https:\/\/www.sensation.fr\/wp-content\/uploads\/2017\/12\/L\u00c9v\u00e9nementiel-150x150.png 150w, https:\/\/www.sensation.fr\/wp-content\/uploads\/2017\/12\/L\u00c9v\u00e9nementiel-300x300.png 300w\" sizes=\"(max-width: 500px) 100vw, 500px\" \/><\/a>\n            <\/div>\n                <p class='wp-caption-text project-thumnail-caption'>\n                https:\/\/www.sensation.fr\/wp-content\/uploads\/2017\/12\/Levenementiel-mars-2015.pdf\n                <\/p><\/div><\/div>\n\n","protected":false},"excerpt":{"rendered":"","protected":false},"author":1,"featured_media":0,"parent":0,"menu_order":0,"comment_status":"closed","ping_status":"closed","template":"page-news.php","meta":{"footnotes":""},"class_list":["post-336","page","type-page","status-publish","hentry"],"yoast_head":"<!-- This site is optimized with the Yoast SEO plugin v23.7 - https:\/\/yoast.com\/wordpress\/plugins\/seo\/ -->\n<title>News - Sensation<\/title>\n<meta name=\"robots\" content=\"index, follow, max-snippet:-1, max-image-preview:large, max-video-preview:-1\" \/>\n<link rel=\"canonical\" href=\"https:\/\/www.sensation.fr\/news\/\" \/>\n<meta property=\"og:locale\" content=\"en_US\" \/>\n<meta property=\"og:type\" content=\"article\" \/>\n<meta property=\"og:title\" content=\"News - Sensation\" \/>\n<meta property=\"og:url\" content=\"https:\/\/www.sensation.fr\/news\/\" \/>\n<meta property=\"og:site_name\" content=\"Sensation\" \/>\n<meta property=\"article:modified_time\" content=\"2018-01-17T14:49:34+00:00\" \/>\n<meta property=\"og:image\" content=\"https:\/\/www.sensation.fr\/wp-content\/uploads\/2018\/01\/L\u00c9v\u00e9nementiel-2.png\" \/>\n<meta name=\"twitter:card\" content=\"summary_large_image\" \/>\n<script type=\"application\/ld+json\" class=\"yoast-schema-graph\">{\"@context\":\"https:\/\/schema.org\",\"@graph\":[{\"@type\":\"WebPage\",\"@id\":\"https:\/\/www.sensation.fr\/news\/\",\"url\":\"https:\/\/www.sensation.fr\/news\/\",\"name\":\"News - Sensation\",\"isPartOf\":{\"@id\":\"https:\/\/www.sensation.fr\/#website\"},\"datePublished\":\"2017-10-12T08:01:20+00:00\",\"dateModified\":\"2018-01-17T14:49:34+00:00\",\"breadcrumb\":{\"@id\":\"https:\/\/www.sensation.fr\/news\/#breadcrumb\"},\"inLanguage\":\"en-US\",\"potentialAction\":[{\"@type\":\"ReadAction\",\"target\":[\"https:\/\/www.sensation.fr\/news\/\"]}]},{\"@type\":\"BreadcrumbList\",\"@id\":\"https:\/\/www.sensation.fr\/news\/#breadcrumb\",\"itemListElement\":[{\"@type\":\"ListItem\",\"position\":1,\"name\":\"Accueil\",\"item\":\"https:\/\/www.sensation.fr\/\"},{\"@type\":\"ListItem\",\"position\":2,\"name\":\"News\"}]},{\"@type\":\"WebSite\",\"@id\":\"https:\/\/www.sensation.fr\/#website\",\"url\":\"https:\/\/www.sensation.fr\/\",\"name\":\"Sensation\",\"description\":\"cr\u00e9ateur d&#039;\u00e9v\u00e9nements\",\"potentialAction\":[{\"@type\":\"SearchAction\",\"target\":{\"@type\":\"EntryPoint\",\"urlTemplate\":\"https:\/\/www.sensation.fr\/?s={search_term_string}\"},\"query-input\":{\"@type\":\"PropertyValueSpecification\",\"valueRequired\":true,\"valueName\":\"search_term_string\"}}],\"inLanguage\":\"en-US\"}]}<\/script>\n<!-- \/ Yoast SEO plugin. -->","yoast_head_json":{"title":"News - Sensation","robots":{"index":"index","follow":"follow","max-snippet":"max-snippet:-1","max-image-preview":"max-image-preview:large","max-video-preview":"max-video-preview:-1"},"canonical":"https:\/\/www.sensation.fr\/news\/","og_locale":"en_US","og_type":"article","og_title":"News - Sensation","og_url":"https:\/\/www.sensation.fr\/news\/","og_site_name":"Sensation","article_modified_time":"2018-01-17T14:49:34+00:00","og_image":[{"url":"https:\/\/www.sensation.fr\/wp-content\/uploads\/2018\/01\/L\u00c9v\u00e9nementiel-2.png"}],"twitter_card":"summary_large_image","schema":{"@context":"https:\/\/schema.org","@graph":[{"@type":"WebPage","@id":"https:\/\/www.sensation.fr\/news\/","url":"https:\/\/www.sensation.fr\/news\/","name":"News - Sensation","isPartOf":{"@id":"https:\/\/www.sensation.fr\/#website"},"datePublished":"2017-10-12T08:01:20+00:00","dateModified":"2018-01-17T14:49:34+00:00","breadcrumb":{"@id":"https:\/\/www.sensation.fr\/news\/#breadcrumb"},"inLanguage":"en-US","potentialAction":[{"@type":"ReadAction","target":["https:\/\/www.sensation.fr\/news\/"]}]},{"@type":"BreadcrumbList","@id":"https:\/\/www.sensation.fr\/news\/#breadcrumb","itemListElement":[{"@type":"ListItem","position":1,"name":"Accueil","item":"https:\/\/www.sensation.fr\/"},{"@type":"ListItem","position":2,"name":"News"}]},{"@type":"WebSite","@id":"https:\/\/www.sensation.fr\/#website","url":"https:\/\/www.sensation.fr\/","name":"Sensation","description":"cr\u00e9ateur d&#039;\u00e9v\u00e9nements","potentialAction":[{"@type":"SearchAction","target":{"@type":"EntryPoint","urlTemplate":"https:\/\/www.sensation.fr\/?s={search_term_string}"},"query-input":{"@type":"PropertyValueSpecification","valueRequired":true,"valueName":"search_term_string"}}],"inLanguage":"en-US"}]}},"_links":{"self":[{"href":"https:\/\/www.sensation.fr\/en\/wp-json\/wp\/v2\/pages\/336"}],"collection":[{"href":"https:\/\/www.sensation.fr\/en\/wp-json\/wp\/v2\/pages"}],"about":[{"href":"https:\/\/www.sensation.fr\/en\/wp-json\/wp\/v2\/types\/page"}],"author":[{"embeddable":true,"href":"https:\/\/www.sensation.fr\/en\/wp-json\/wp\/v2\/users\/1"}],"replies":[{"embeddable":true,"href":"https:\/\/www.sensation.fr\/en\/wp-json\/wp\/v2\/comments?post=336"}],"version-history":[{"count":9,"href":"https:\/\/www.sensation.fr\/en\/wp-json\/wp\/v2\/pages\/336\/revisions"}],"predecessor-version":[{"id":1334,"href":"https:\/\/www.sensation.fr\/en\/wp-json\/wp\/v2\/pages\/336\/revisions\/1334"}],"wp:attachment":[{"href":"https:\/\/www.sensation.fr\/en\/wp-json\/wp\/v2\/media?parent=336"}],"curies":[{"name":"wp","href":"https:\/\/api.w.org\/{rel}","templated":true}]}}