{"id":40,"date":"2017-09-28T09:46:56","date_gmt":"2017-09-28T09:46:56","guid":{"rendered":"https:\/\/www.sensation.fr\/?page_id=40"},"modified":"2018-01-26T08:58:40","modified_gmt":"2018-01-26T08:58:40","slug":"reward","status":"publish","type":"page","link":"https:\/\/www.sensation.fr\/en\/reward\/","title":{"rendered":"Reward"},"content":{"rendered":"<!-- see gallery_shortcode() in functions.php -->\n\t\t<div id='project-thumnail-wrap' class='gallery gallery-columns-1 gallery-size-full'><div class='project-thumnail-item <?php echo 0; ?>'>\n            <div class='col-md-4 project-thumnail'>\n                <a href='https:\/\/www.sensation.fr\/en\/reward\/trophe\/'><img loading=\"lazy\" decoding=\"async\" width=\"300\" height=\"300\" src=\"https:\/\/www.sensation.fr\/wp-content\/uploads\/2017\/09\/trophe.png\" class=\"attachment-full size-full\" alt=\"\" srcset=\"https:\/\/www.sensation.fr\/wp-content\/uploads\/2017\/09\/trophe.png 300w, https:\/\/www.sensation.fr\/wp-content\/uploads\/2017\/09\/trophe-150x150.png 150w\" sizes=\"(max-width: 300px) 100vw, 300px\" \/><\/a>\n            <\/div><\/div><div class='project-thumnail-item <?php echo 0; ?>'>\n            <div class='col-md-4 project-thumnail'>\n                <a href='https:\/\/www.sensation.fr\/en\/reward\/strategie\/'><img loading=\"lazy\" decoding=\"async\" width=\"300\" height=\"300\" src=\"https:\/\/www.sensation.fr\/wp-content\/uploads\/2017\/09\/strategie.png\" class=\"attachment-full size-full\" alt=\"\" srcset=\"https:\/\/www.sensation.fr\/wp-content\/uploads\/2017\/09\/strategie.png 300w, https:\/\/www.sensation.fr\/wp-content\/uploads\/2017\/09\/strategie-150x150.png 150w\" sizes=\"(max-width: 300px) 100vw, 300px\" \/><\/a>\n            <\/div><\/div><div class='project-thumnail-item <?php echo 0; ?>'>\n            <div class='col-md-4 project-thumnail'>\n                <a href='https:\/\/www.sensation.fr\/en\/reward\/heavent\/'><img loading=\"lazy\" decoding=\"async\" width=\"300\" height=\"300\" src=\"https:\/\/www.sensation.fr\/wp-content\/uploads\/2017\/09\/heavent.png\" class=\"attachment-full size-full\" alt=\"\" srcset=\"https:\/\/www.sensation.fr\/wp-content\/uploads\/2017\/09\/heavent.png 300w, https:\/\/www.sensation.fr\/wp-content\/uploads\/2017\/09\/heavent-150x150.png 150w\" sizes=\"(max-width: 300px) 100vw, 300px\" \/><\/a>\n            <\/div><\/div><div class='project-thumnail-item <?php echo 0; ?>'>\n            <div class='col-md-4 project-thumnail'>\n                <a href='https:\/\/www.sensation.fr\/en\/reward\/capture-decran-2018-01-26-a-15-18-52\/'><img loading=\"lazy\" decoding=\"async\" width=\"421\" height=\"410\" src=\"https:\/\/www.sensation.fr\/wp-content\/uploads\/2018\/01\/Capture-d\u2019\u00e9cran-2018-01-26-\u00e0-15.18.52.png\" class=\"attachment-full size-full\" alt=\"\" srcset=\"https:\/\/www.sensation.fr\/wp-content\/uploads\/2018\/01\/Capture-d\u2019\u00e9cran-2018-01-26-\u00e0-15.18.52.png 421w, https:\/\/www.sensation.fr\/wp-content\/uploads\/2018\/01\/Capture-d\u2019\u00e9cran-2018-01-26-\u00e0-15.18.52-300x292.png 300w\" sizes=\"(max-width: 421px) 100vw, 421px\" \/><\/a>\n            <\/div><\/div><div class='project-thumnail-item <?php echo 0; ?>'>\n            <div class='col-md-4 project-thumnail'>\n                <a href='https:\/\/www.sensation.fr\/en\/reward\/capture-decran-2018-01-26-a-15-19-47\/'><img loading=\"lazy\" decoding=\"async\" width=\"401\" height=\"397\" src=\"https:\/\/www.sensation.fr\/wp-content\/uploads\/2018\/01\/Capture-d\u2019\u00e9cran-2018-01-26-\u00e0-15.19.47.png\" class=\"attachment-full size-full\" alt=\"\" srcset=\"https:\/\/www.sensation.fr\/wp-content\/uploads\/2018\/01\/Capture-d\u2019\u00e9cran-2018-01-26-\u00e0-15.19.47.png 401w, https:\/\/www.sensation.fr\/wp-content\/uploads\/2018\/01\/Capture-d\u2019\u00e9cran-2018-01-26-\u00e0-15.19.47-150x150.png 150w, https:\/\/www.sensation.fr\/wp-content\/uploads\/2018\/01\/Capture-d\u2019\u00e9cran-2018-01-26-\u00e0-15.19.47-300x297.png 300w\" sizes=\"(max-width: 401px) 100vw, 401px\" \/><\/a>\n            <\/div><\/div><div class='project-thumnail-item <?php echo 0; ?>'>\n            <div class='col-md-4 project-thumnail'>\n                <a href='https:\/\/www.sensation.fr\/en\/reward\/capture-decran-2018-01-26-a-15-21-18\/'><img loading=\"lazy\" decoding=\"async\" width=\"447\" height=\"449\" src=\"https:\/\/www.sensation.fr\/wp-content\/uploads\/2018\/01\/Capture-d\u2019\u00e9cran-2018-01-26-\u00e0-15.21.18.png\" class=\"attachment-full size-full\" alt=\"\" srcset=\"https:\/\/www.sensation.fr\/wp-content\/uploads\/2018\/01\/Capture-d\u2019\u00e9cran-2018-01-26-\u00e0-15.21.18.png 447w, https:\/\/www.sensation.fr\/wp-content\/uploads\/2018\/01\/Capture-d\u2019\u00e9cran-2018-01-26-\u00e0-15.21.18-150x150.png 150w, https:\/\/www.sensation.fr\/wp-content\/uploads\/2018\/01\/Capture-d\u2019\u00e9cran-2018-01-26-\u00e0-15.21.18-300x300.png 300w\" sizes=\"(max-width: 447px) 100vw, 447px\" \/><\/a>\n            <\/div><\/div><div class='project-thumnail-item <?php echo 0; ?>'>\n            <div class='col-md-4 project-thumnail'>\n                <a href='https:\/\/www.sensation.fr\/en\/reward\/capture-decran-2018-01-26-a-15-22-11\/'><img loading=\"lazy\" decoding=\"async\" width=\"367\" height=\"364\" src=\"https:\/\/www.sensation.fr\/wp-content\/uploads\/2018\/01\/Capture-d\u2019\u00e9cran-2018-01-26-\u00e0-15.22.11.png\" class=\"attachment-full size-full\" alt=\"\" srcset=\"https:\/\/www.sensation.fr\/wp-content\/uploads\/2018\/01\/Capture-d\u2019\u00e9cran-2018-01-26-\u00e0-15.22.11.png 367w, https:\/\/www.sensation.fr\/wp-content\/uploads\/2018\/01\/Capture-d\u2019\u00e9cran-2018-01-26-\u00e0-15.22.11-150x150.png 150w, https:\/\/www.sensation.fr\/wp-content\/uploads\/2018\/01\/Capture-d\u2019\u00e9cran-2018-01-26-\u00e0-15.22.11-300x298.png 300w\" sizes=\"(max-width: 367px) 100vw, 367px\" \/><\/a>\n            <\/div><\/div><\/div>\n\n","protected":false},"excerpt":{"rendered":"","protected":false},"author":1,"featured_media":0,"parent":0,"menu_order":0,"comment_status":"closed","ping_status":"closed","template":"page-reward.php","meta":{"footnotes":""},"class_list":["post-40","page","type-page","status-publish","hentry"],"yoast_head":"<!-- This site is optimized with the Yoast SEO plugin v23.7 - https:\/\/yoast.com\/wordpress\/plugins\/seo\/ -->\n<title>Reward - Sensation<\/title>\n<meta name=\"robots\" content=\"index, follow, max-snippet:-1, max-image-preview:large, max-video-preview:-1\" \/>\n<link rel=\"canonical\" href=\"https:\/\/www.sensation.fr\/reward\/\" \/>\n<meta property=\"og:locale\" content=\"en_US\" \/>\n<meta property=\"og:type\" content=\"article\" \/>\n<meta property=\"og:title\" content=\"[:fr]Nos r\u00e9compenses[:en]Reward[:] - Sensation\" \/>\n<meta property=\"og:url\" content=\"https:\/\/www.sensation.fr\/reward\/\" \/>\n<meta property=\"og:site_name\" content=\"Sensation\" \/>\n<meta property=\"article:modified_time\" content=\"2018-01-26T08:58:40+00:00\" \/>\n<meta property=\"og:image\" content=\"https:\/\/www.sensation.fr\/wp-content\/uploads\/2017\/09\/trophe.png\" \/>\n<meta name=\"twitter:card\" content=\"summary_large_image\" \/>\n<script type=\"application\/ld+json\" class=\"yoast-schema-graph\">{\"@context\":\"https:\/\/schema.org\",\"@graph\":[{\"@type\":\"WebPage\",\"@id\":\"https:\/\/www.sensation.fr\/reward\/\",\"url\":\"https:\/\/www.sensation.fr\/reward\/\",\"name\":\"[:fr]Nos r\u00e9compenses[:en]Reward[:] - Sensation\",\"isPartOf\":{\"@id\":\"https:\/\/www.sensation.fr\/#website\"},\"datePublished\":\"2017-09-28T09:46:56+00:00\",\"dateModified\":\"2018-01-26T08:58:40+00:00\",\"breadcrumb\":{\"@id\":\"https:\/\/www.sensation.fr\/reward\/#breadcrumb\"},\"inLanguage\":\"en-US\",\"potentialAction\":[{\"@type\":\"ReadAction\",\"target\":[\"https:\/\/www.sensation.fr\/reward\/\"]}]},{\"@type\":\"BreadcrumbList\",\"@id\":\"https:\/\/www.sensation.fr\/reward\/#breadcrumb\",\"itemListElement\":[{\"@type\":\"ListItem\",\"position\":1,\"name\":\"Accueil\",\"item\":\"https:\/\/www.sensation.fr\/\"},{\"@type\":\"ListItem\",\"position\":2,\"name\":\"Nos r\u00e9compenses\"}]},{\"@type\":\"WebSite\",\"@id\":\"https:\/\/www.sensation.fr\/#website\",\"url\":\"https:\/\/www.sensation.fr\/\",\"name\":\"Sensation\",\"description\":\"cr\u00e9ateur d&#039;\u00e9v\u00e9nements\",\"potentialAction\":[{\"@type\":\"SearchAction\",\"target\":{\"@type\":\"EntryPoint\",\"urlTemplate\":\"https:\/\/www.sensation.fr\/?s={search_term_string}\"},\"query-input\":{\"@type\":\"PropertyValueSpecification\",\"valueRequired\":true,\"valueName\":\"search_term_string\"}}],\"inLanguage\":\"en-US\"}]}<\/script>\n<!-- \/ Yoast SEO plugin. -->","yoast_head_json":{"title":"[:fr]Nos r\u00e9compenses[:en]Reward[:] - Sensation","robots":{"index":"index","follow":"follow","max-snippet":"max-snippet:-1","max-image-preview":"max-image-preview:large","max-video-preview":"max-video-preview:-1"},"canonical":"https:\/\/www.sensation.fr\/reward\/","og_locale":"en_US","og_type":"article","og_title":"[:fr]Nos r\u00e9compenses[:en]Reward[:] - Sensation","og_url":"https:\/\/www.sensation.fr\/reward\/","og_site_name":"Sensation","article_modified_time":"2018-01-26T08:58:40+00:00","og_image":[{"url":"https:\/\/www.sensation.fr\/wp-content\/uploads\/2017\/09\/trophe.png"}],"twitter_card":"summary_large_image","schema":{"@context":"https:\/\/schema.org","@graph":[{"@type":"WebPage","@id":"https:\/\/www.sensation.fr\/reward\/","url":"https:\/\/www.sensation.fr\/reward\/","name":"[:fr]Nos r\u00e9compenses[:en]Reward[:] - Sensation","isPartOf":{"@id":"https:\/\/www.sensation.fr\/#website"},"datePublished":"2017-09-28T09:46:56+00:00","dateModified":"2018-01-26T08:58:40+00:00","breadcrumb":{"@id":"https:\/\/www.sensation.fr\/reward\/#breadcrumb"},"inLanguage":"en-US","potentialAction":[{"@type":"ReadAction","target":["https:\/\/www.sensation.fr\/reward\/"]}]},{"@type":"BreadcrumbList","@id":"https:\/\/www.sensation.fr\/reward\/#breadcrumb","itemListElement":[{"@type":"ListItem","position":1,"name":"Accueil","item":"https:\/\/www.sensation.fr\/"},{"@type":"ListItem","position":2,"name":"Nos r\u00e9compenses"}]},{"@type":"WebSite","@id":"https:\/\/www.sensation.fr\/#website","url":"https:\/\/www.sensation.fr\/","name":"Sensation","description":"cr\u00e9ateur d&#039;\u00e9v\u00e9nements","potentialAction":[{"@type":"SearchAction","target":{"@type":"EntryPoint","urlTemplate":"https:\/\/www.sensation.fr\/?s={search_term_string}"},"query-input":{"@type":"PropertyValueSpecification","valueRequired":true,"valueName":"search_term_string"}}],"inLanguage":"en-US"}]}},"_links":{"self":[{"href":"https:\/\/www.sensation.fr\/en\/wp-json\/wp\/v2\/pages\/40"}],"collection":[{"href":"https:\/\/www.sensation.fr\/en\/wp-json\/wp\/v2\/pages"}],"about":[{"href":"https:\/\/www.sensation.fr\/en\/wp-json\/wp\/v2\/types\/page"}],"author":[{"embeddable":true,"href":"https:\/\/www.sensation.fr\/en\/wp-json\/wp\/v2\/users\/1"}],"replies":[{"embeddable":true,"href":"https:\/\/www.sensation.fr\/en\/wp-json\/wp\/v2\/comments?post=40"}],"version-history":[{"count":14,"href":"https:\/\/www.sensation.fr\/en\/wp-json\/wp\/v2\/pages\/40\/revisions"}],"predecessor-version":[{"id":1737,"href":"https:\/\/www.sensation.fr\/en\/wp-json\/wp\/v2\/pages\/40\/revisions\/1737"}],"wp:attachment":[{"href":"https:\/\/www.sensation.fr\/en\/wp-json\/wp\/v2\/media?parent=40"}],"curies":[{"name":"wp","href":"https:\/\/api.w.org\/{rel}","templated":true}]}}