{"id":56,"date":"2017-10-06T03:18:05","date_gmt":"2017-10-06T03:18:05","guid":{"rendered":"https:\/\/www.sensation.fr\/?page_id=56"},"modified":"2019-07-22T05:01:40","modified_gmt":"2019-07-22T04:01:40","slug":"bonus","status":"publish","type":"page","link":"https:\/\/www.sensation.fr\/en\/bonus\/","title":{"rendered":"Bonus"},"content":{"rendered":"<p><!-- see gallery_shortcode() in functions.php -->\n\t\t<div id='project-thumnail-wrap' class='gallery gallery-columns-1 gallery-size-full'><div class='project-thumnail-item <?php echo 0; ?>'>\n            <div class='col-md-4 project-thumnail'>\n                <a href='https:\/\/www.sensation.fr\/en\/bonus\/attachment\/589415708\/'><img loading=\"lazy\" decoding=\"async\" width=\"305\" height=\"304\" src=\"https:\/\/www.sensation.fr\/wp-content\/uploads\/2018\/01\/589415708.png\" class=\"attachment-full size-full\" alt=\"\" srcset=\"https:\/\/www.sensation.fr\/wp-content\/uploads\/2018\/01\/589415708.png 305w, https:\/\/www.sensation.fr\/wp-content\/uploads\/2018\/01\/589415708-150x150.png 150w, https:\/\/www.sensation.fr\/wp-content\/uploads\/2018\/01\/589415708-300x300.png 300w\" sizes=\"(max-width: 305px) 100vw, 305px\" \/><\/a>\n            <\/div>\n                <p class='wp-caption-text project-thumnail-caption'>\n                https:\/\/www.sensation.fr\/wp-content\/uploads\/2018\/01\/CALENDRIER-_-ANNULE-ET-RMPLACE.jpg\n                <\/p><\/div><div class='project-thumnail-item <?php echo 0; ?>'>\n            <div class='col-md-4 project-thumnail'>\n                <a href='https:\/\/www.sensation.fr\/en\/bonus\/exercise-icon-1\/'><img loading=\"lazy\" decoding=\"async\" width=\"408\" height=\"406\" src=\"https:\/\/www.sensation.fr\/wp-content\/uploads\/2018\/01\/exercise-icon-1.png\" class=\"attachment-full size-full\" alt=\"\" srcset=\"https:\/\/www.sensation.fr\/wp-content\/uploads\/2018\/01\/exercise-icon-1.png 408w, https:\/\/www.sensation.fr\/wp-content\/uploads\/2018\/01\/exercise-icon-1-150x150.png 150w, https:\/\/www.sensation.fr\/wp-content\/uploads\/2018\/01\/exercise-icon-1-300x300.png 300w\" sizes=\"(max-width: 408px) 100vw, 408px\" \/><\/a>\n            <\/div>\n                <p class='wp-caption-text project-thumnail-caption'>\n                https:\/\/www.sensation.fr\/wp-content\/uploads\/2018\/01\/Gymnastique.pdf\n                <\/p><\/div><div class='project-thumnail-item <?php echo 0; ?>'>\n            <div class='col-md-4 project-thumnail'>\n                <a href='https:\/\/www.sensation.fr\/en\/bonus\/cliquez-ici-pour-un-instant-de-pur-bonheur\/'><img loading=\"lazy\" decoding=\"async\" width=\"500\" height=\"501\" src=\"https:\/\/www.sensation.fr\/wp-content\/uploads\/2018\/01\/Cliquez-ici-pour-un-instant-de-pur-bonheur-e1515752824802.png\" class=\"attachment-full size-full\" alt=\"\" \/><\/a>\n            <\/div>\n                <p class='wp-caption-text project-thumnail-caption'>\n                https:\/\/www.sensation.fr\/wp-content\/uploads\/2018\/01\/RIRE-BEBE.wav\n                <\/p><\/div><div class='project-thumnail-item <?php echo 0; ?>'>\n            <div class='col-md-4 project-thumnail'>\n                <a href='https:\/\/www.sensation.fr\/en\/capture-decran-2017-12-22-a-15-00-48\/'><img loading=\"lazy\" decoding=\"async\" width=\"500\" height=\"500\" src=\"https:\/\/www.sensation.fr\/wp-content\/uploads\/2017\/12\/Capture-d\u2019\u00e9cran-2017-12-22-\u00e0-15.00.48.png\" class=\"attachment-full size-full\" alt=\"\" srcset=\"https:\/\/www.sensation.fr\/wp-content\/uploads\/2017\/12\/Capture-d\u2019\u00e9cran-2017-12-22-\u00e0-15.00.48.png 500w, https:\/\/www.sensation.fr\/wp-content\/uploads\/2017\/12\/Capture-d\u2019\u00e9cran-2017-12-22-\u00e0-15.00.48-150x150.png 150w, https:\/\/www.sensation.fr\/wp-content\/uploads\/2017\/12\/Capture-d\u2019\u00e9cran-2017-12-22-\u00e0-15.00.48-300x300.png 300w\" sizes=\"(max-width: 500px) 100vw, 500px\" \/><\/a>\n            <\/div>\n                <p class='wp-caption-text project-thumnail-caption'>\n                https:\/\/www.sensation.fr\/wp-content\/uploads\/2018\/01\/Duel-Quiz.pdf\n                <\/p><\/div><div class='project-thumnail-item <?php echo 0; ?>'>\n            <div class='col-md-4 project-thumnail'>\n                <a href='https:\/\/www.sensation.fr\/en\/capture-decran-2017-12-22-a-15-00-39\/'><img loading=\"lazy\" decoding=\"async\" width=\"500\" height=\"500\" src=\"https:\/\/www.sensation.fr\/wp-content\/uploads\/2017\/12\/Capture-d\u2019\u00e9cran-2017-12-22-\u00e0-15.00.39.png\" class=\"attachment-full size-full\" alt=\"\" srcset=\"https:\/\/www.sensation.fr\/wp-content\/uploads\/2017\/12\/Capture-d\u2019\u00e9cran-2017-12-22-\u00e0-15.00.39.png 500w, https:\/\/www.sensation.fr\/wp-content\/uploads\/2017\/12\/Capture-d\u2019\u00e9cran-2017-12-22-\u00e0-15.00.39-150x150.png 150w, https:\/\/www.sensation.fr\/wp-content\/uploads\/2017\/12\/Capture-d\u2019\u00e9cran-2017-12-22-\u00e0-15.00.39-300x300.png 300w\" sizes=\"(max-width: 500px) 100vw, 500px\" \/><\/a>\n            <\/div>\n                <p class='wp-caption-text project-thumnail-caption'>\n                https:\/\/www.sensation.fr\/wp-content\/uploads\/2018\/01\/Music-Quiz.pdf\n                <\/p><\/div><div class='project-thumnail-item <?php echo 0; ?>'>\n            <div class='col-md-4 project-thumnail'>\n                <a href='https:\/\/www.sensation.fr\/en\/capture-decran-2017-12-22-a-15-00-31\/'><img loading=\"lazy\" decoding=\"async\" width=\"500\" height=\"500\" src=\"https:\/\/www.sensation.fr\/wp-content\/uploads\/2017\/12\/Capture-d\u2019\u00e9cran-2017-12-22-\u00e0-15.00.31.png\" class=\"attachment-full size-full\" alt=\"\" srcset=\"https:\/\/www.sensation.fr\/wp-content\/uploads\/2017\/12\/Capture-d\u2019\u00e9cran-2017-12-22-\u00e0-15.00.31.png 500w, https:\/\/www.sensation.fr\/wp-content\/uploads\/2017\/12\/Capture-d\u2019\u00e9cran-2017-12-22-\u00e0-15.00.31-150x150.png 150w, https:\/\/www.sensation.fr\/wp-content\/uploads\/2017\/12\/Capture-d\u2019\u00e9cran-2017-12-22-\u00e0-15.00.31-300x300.png 300w\" sizes=\"(max-width: 500px) 100vw, 500px\" \/><\/a>\n            <\/div>\n                <p class='wp-caption-text project-thumnail-caption'>\n                https:\/\/www.sensation.fr\/wp-content\/uploads\/2018\/01\/YouMiam.pdf\n                <\/p><\/div><div class='project-thumnail-item <?php echo 0; ?>'>\n            <div class='col-md-4 project-thumnail'>\n                <a href='https:\/\/www.sensation.fr\/en\/capture-decran-2017-12-22-a-15-00-24\/'><img loading=\"lazy\" decoding=\"async\" width=\"500\" height=\"500\" src=\"https:\/\/www.sensation.fr\/wp-content\/uploads\/2017\/12\/Capture-d\u2019\u00e9cran-2017-12-22-\u00e0-15.00.24.png\" class=\"attachment-full size-full\" alt=\"\" srcset=\"https:\/\/www.sensation.fr\/wp-content\/uploads\/2017\/12\/Capture-d\u2019\u00e9cran-2017-12-22-\u00e0-15.00.24.png 500w, https:\/\/www.sensation.fr\/wp-content\/uploads\/2017\/12\/Capture-d\u2019\u00e9cran-2017-12-22-\u00e0-15.00.24-150x150.png 150w, https:\/\/www.sensation.fr\/wp-content\/uploads\/2017\/12\/Capture-d\u2019\u00e9cran-2017-12-22-\u00e0-15.00.24-300x300.png 300w\" sizes=\"(max-width: 500px) 100vw, 500px\" \/><\/a>\n            <\/div>\n                <p class='wp-caption-text project-thumnail-caption'>\n                https:\/\/www.sensation.fr\/wp-content\/uploads\/2018\/01\/Matinale-du-Monde.pdf\n                <\/p><\/div><div class='project-thumnail-item <?php echo 0; ?>'>\n            <div class='col-md-4 project-thumnail'>\n                <a href='https:\/\/www.sensation.fr\/en\/capture-decran-2017-12-22-a-15-00-12\/'><img loading=\"lazy\" decoding=\"async\" width=\"500\" height=\"500\" src=\"https:\/\/www.sensation.fr\/wp-content\/uploads\/2017\/12\/Capture-d\u2019\u00e9cran-2017-12-22-\u00e0-15.00.12.png\" class=\"attachment-full size-full\" alt=\"\" srcset=\"https:\/\/www.sensation.fr\/wp-content\/uploads\/2017\/12\/Capture-d\u2019\u00e9cran-2017-12-22-\u00e0-15.00.12.png 500w, https:\/\/www.sensation.fr\/wp-content\/uploads\/2017\/12\/Capture-d\u2019\u00e9cran-2017-12-22-\u00e0-15.00.12-150x150.png 150w, https:\/\/www.sensation.fr\/wp-content\/uploads\/2017\/12\/Capture-d\u2019\u00e9cran-2017-12-22-\u00e0-15.00.12-300x300.png 300w\" sizes=\"(max-width: 500px) 100vw, 500px\" \/><\/a>\n            <\/div>\n                <p class='wp-caption-text project-thumnail-caption'>\n                https:\/\/www.sensation.fr\/wp-content\/uploads\/2018\/01\/Flipboard.pdf\n                <\/p><\/div><div class='project-thumnail-item <?php echo 0; ?>'>\n            <div class='col-md-4 project-thumnail'>\n                <a href='https:\/\/www.sensation.fr\/en\/capture-decran-2017-12-22-a-15-00-02\/'><img loading=\"lazy\" decoding=\"async\" width=\"500\" height=\"500\" src=\"https:\/\/www.sensation.fr\/wp-content\/uploads\/2017\/12\/Capture-d\u2019\u00e9cran-2017-12-22-\u00e0-15.00.02.png\" class=\"attachment-full size-full\" alt=\"\" srcset=\"https:\/\/www.sensation.fr\/wp-content\/uploads\/2017\/12\/Capture-d\u2019\u00e9cran-2017-12-22-\u00e0-15.00.02.png 500w, https:\/\/www.sensation.fr\/wp-content\/uploads\/2017\/12\/Capture-d\u2019\u00e9cran-2017-12-22-\u00e0-15.00.02-150x150.png 150w, https:\/\/www.sensation.fr\/wp-content\/uploads\/2017\/12\/Capture-d\u2019\u00e9cran-2017-12-22-\u00e0-15.00.02-300x300.png 300w\" sizes=\"(max-width: 500px) 100vw, 500px\" \/><\/a>\n            <\/div>\n                <p class='wp-caption-text project-thumnail-caption'>\n                https:\/\/www.sensation.fr\/wp-content\/uploads\/2018\/01\/CityMapper.pdf\n                <\/p><\/div><div class='project-thumnail-item <?php echo 0; ?>'>\n            <div class='col-md-4 project-thumnail'>\n                <a href='https:\/\/www.sensation.fr\/en\/capture-decran-2017-12-22-a-14-59-53\/'><img loading=\"lazy\" decoding=\"async\" width=\"500\" height=\"500\" src=\"https:\/\/www.sensation.fr\/wp-content\/uploads\/2017\/12\/Capture-d\u2019\u00e9cran-2017-12-22-\u00e0-14.59.53.png\" class=\"attachment-full size-full\" alt=\"\" srcset=\"https:\/\/www.sensation.fr\/wp-content\/uploads\/2017\/12\/Capture-d\u2019\u00e9cran-2017-12-22-\u00e0-14.59.53.png 500w, https:\/\/www.sensation.fr\/wp-content\/uploads\/2017\/12\/Capture-d\u2019\u00e9cran-2017-12-22-\u00e0-14.59.53-150x150.png 150w, https:\/\/www.sensation.fr\/wp-content\/uploads\/2017\/12\/Capture-d\u2019\u00e9cran-2017-12-22-\u00e0-14.59.53-300x300.png 300w\" sizes=\"(max-width: 500px) 100vw, 500px\" \/><\/a>\n            <\/div>\n                <p class='wp-caption-text project-thumnail-caption'>\n                https:\/\/www.sensation.fr\/wp-content\/uploads\/2018\/01\/Petit-Bamboo.pdf\n                <\/p><\/div><div class='project-thumnail-item <?php echo 0; ?>'>\n            <div class='col-md-4 project-thumnail'>\n                <a href='https:\/\/www.sensation.fr\/en\/capture-decran-2017-12-22-a-14-59-43\/'><img loading=\"lazy\" decoding=\"async\" width=\"500\" height=\"500\" src=\"https:\/\/www.sensation.fr\/wp-content\/uploads\/2017\/12\/Capture-d\u2019\u00e9cran-2017-12-22-\u00e0-14.59.43.png\" class=\"attachment-full size-full\" alt=\"\" srcset=\"https:\/\/www.sensation.fr\/wp-content\/uploads\/2017\/12\/Capture-d\u2019\u00e9cran-2017-12-22-\u00e0-14.59.43.png 500w, https:\/\/www.sensation.fr\/wp-content\/uploads\/2017\/12\/Capture-d\u2019\u00e9cran-2017-12-22-\u00e0-14.59.43-150x150.png 150w, https:\/\/www.sensation.fr\/wp-content\/uploads\/2017\/12\/Capture-d\u2019\u00e9cran-2017-12-22-\u00e0-14.59.43-300x300.png 300w\" sizes=\"(max-width: 500px) 100vw, 500px\" \/><\/a>\n            <\/div>\n                <p class='wp-caption-text project-thumnail-caption'>\n                https:\/\/www.sensation.fr\/wp-content\/uploads\/2018\/01\/Relax-Melodies.pdf\n                <\/p><\/div><div class='project-thumnail-item <?php echo 0; ?>'>\n            <div class='col-md-4 project-thumnail'>\n                <a href='https:\/\/www.sensation.fr\/en\/capture-decran-2017-12-22-a-14-59-33\/'><img loading=\"lazy\" decoding=\"async\" width=\"500\" height=\"500\" src=\"https:\/\/www.sensation.fr\/wp-content\/uploads\/2017\/12\/Capture-d\u2019\u00e9cran-2017-12-22-\u00e0-14.59.33.png\" class=\"attachment-full size-full\" alt=\"\" srcset=\"https:\/\/www.sensation.fr\/wp-content\/uploads\/2017\/12\/Capture-d\u2019\u00e9cran-2017-12-22-\u00e0-14.59.33.png 500w, https:\/\/www.sensation.fr\/wp-content\/uploads\/2017\/12\/Capture-d\u2019\u00e9cran-2017-12-22-\u00e0-14.59.33-150x150.png 150w, https:\/\/www.sensation.fr\/wp-content\/uploads\/2017\/12\/Capture-d\u2019\u00e9cran-2017-12-22-\u00e0-14.59.33-300x300.png 300w\" sizes=\"(max-width: 500px) 100vw, 500px\" \/><\/a>\n            <\/div>\n                <p class='wp-caption-text project-thumnail-caption'>\n                https:\/\/www.sensation.fr\/wp-content\/uploads\/2018\/01\/A-la-Ferme.pdf\n                <\/p><\/div><div class='project-thumnail-item <?php echo 0; ?>'>\n            <div class='col-md-4 project-thumnail'>\n                <a href='https:\/\/www.sensation.fr\/en\/capture-decran-2017-12-22-a-14-59-23\/'><img loading=\"lazy\" decoding=\"async\" width=\"500\" height=\"500\" src=\"https:\/\/www.sensation.fr\/wp-content\/uploads\/2017\/12\/Capture-d\u2019\u00e9cran-2017-12-22-\u00e0-14.59.23.png\" class=\"attachment-full size-full\" alt=\"\" srcset=\"https:\/\/www.sensation.fr\/wp-content\/uploads\/2017\/12\/Capture-d\u2019\u00e9cran-2017-12-22-\u00e0-14.59.23.png 500w, https:\/\/www.sensation.fr\/wp-content\/uploads\/2017\/12\/Capture-d\u2019\u00e9cran-2017-12-22-\u00e0-14.59.23-150x150.png 150w, https:\/\/www.sensation.fr\/wp-content\/uploads\/2017\/12\/Capture-d\u2019\u00e9cran-2017-12-22-\u00e0-14.59.23-300x300.png 300w\" sizes=\"(max-width: 500px) 100vw, 500px\" \/><\/a>\n            <\/div>\n                <p class='wp-caption-text project-thumnail-caption'>\n                https:\/\/www.sensation.fr\/wp-content\/uploads\/2018\/01\/90-Jours.pdf\n                <\/p><\/div><div class='project-thumnail-item <?php echo 0; ?>'>\n            <div class='col-md-4 project-thumnail'>\n                <a href='https:\/\/www.sensation.fr\/en\/logo_small\/'><img loading=\"lazy\" decoding=\"async\" width=\"500\" height=\"500\" src=\"https:\/\/www.sensation.fr\/wp-content\/uploads\/2017\/12\/logo_small.png\" class=\"attachment-full size-full\" alt=\"\" srcset=\"https:\/\/www.sensation.fr\/wp-content\/uploads\/2017\/12\/logo_small.png 500w, https:\/\/www.sensation.fr\/wp-content\/uploads\/2017\/12\/logo_small-150x150.png 150w, https:\/\/www.sensation.fr\/wp-content\/uploads\/2017\/12\/logo_small-300x300.png 300w\" sizes=\"(max-width: 500px) 100vw, 500px\" \/><\/a>\n            <\/div>\n                <p class='wp-caption-text project-thumnail-caption'>\n                http:\/\/www.qqf.fr\n                <\/p><\/div><div class='project-thumnail-item <?php echo 0; ?>'>\n            <div class='col-md-4 project-thumnail'>\n                <a href='https:\/\/www.sensation.fr\/en\/bonus\/rse-2\/'><img loading=\"lazy\" decoding=\"async\" width=\"396\" height=\"391\" src=\"https:\/\/www.sensation.fr\/wp-content\/uploads\/2018\/01\/RSE-1.png\" class=\"attachment-full size-full\" alt=\"\" srcset=\"https:\/\/www.sensation.fr\/wp-content\/uploads\/2018\/01\/RSE-1.png 396w, https:\/\/www.sensation.fr\/wp-content\/uploads\/2018\/01\/RSE-1-300x296.png 300w\" sizes=\"(max-width: 396px) 100vw, 396px\" \/><\/a>\n            <\/div>\n                <p class='wp-caption-text project-thumnail-caption'>\n                http:\/\/www.rse-evenements.org\n                <\/p><\/div><div class='project-thumnail-item <?php echo 0; ?>'>\n            <div class='col-md-4 project-thumnail'>\n                <a href='https:\/\/www.sensation.fr\/en\/bonus\/eco-evenement-2\/'><img loading=\"lazy\" decoding=\"async\" width=\"454\" height=\"438\" src=\"https:\/\/www.sensation.fr\/wp-content\/uploads\/2018\/01\/ECO-EVENEMENT-1.png\" class=\"attachment-full size-full\" alt=\"\" srcset=\"https:\/\/www.sensation.fr\/wp-content\/uploads\/2018\/01\/ECO-EVENEMENT-1.png 454w, https:\/\/www.sensation.fr\/wp-content\/uploads\/2018\/01\/ECO-EVENEMENT-1-300x289.png 300w\" sizes=\"(max-width: 454px) 100vw, 454px\" \/><\/a>\n            <\/div>\n                <p class='wp-caption-text project-thumnail-caption'>\n                http:\/\/www.eco-evenement.org\/fr\/Accueil-3.html\n                <\/p><\/div><div class='project-thumnail-item <?php echo 0; ?>'>\n            <div class='col-md-4 project-thumnail'>\n                <a href='https:\/\/www.sensation.fr\/en\/bonus\/ademe-2\/'><img loading=\"lazy\" decoding=\"async\" width=\"513\" height=\"486\" src=\"https:\/\/www.sensation.fr\/wp-content\/uploads\/2018\/01\/ADEME-1.png\" class=\"attachment-full size-full\" alt=\"\" srcset=\"https:\/\/www.sensation.fr\/wp-content\/uploads\/2018\/01\/ADEME-1.png 513w, https:\/\/www.sensation.fr\/wp-content\/uploads\/2018\/01\/ADEME-1-300x284.png 300w\" sizes=\"(max-width: 513px) 100vw, 513px\" \/><\/a>\n            <\/div>\n                <p class='wp-caption-text project-thumnail-caption'>\n                http:\/\/eco-communication.ademe.fr\n                <\/p><\/div><div class='project-thumnail-item <?php echo 0; ?>'>\n            <div class='col-md-4 project-thumnail'>\n                <a href='https:\/\/www.sensation.fr\/en\/bonus\/12079719_1077274545640195_6903400273381969498_n\/'><img loading=\"lazy\" decoding=\"async\" width=\"264\" height=\"272\" src=\"https:\/\/www.sensation.fr\/wp-content\/uploads\/2018\/01\/12079719_1077274545640195_6903400273381969498_n.png\" class=\"attachment-full size-full\" alt=\"\" \/><\/a>\n            <\/div>\n                <p class='wp-caption-text project-thumnail-caption'>\n                https:\/\/www.facebook.com\/jmedecoiffecontrelemallogement\/\n                <\/p><\/div><div class='project-thumnail-item <?php echo 0; ?>'>\n            <div class='col-md-4 project-thumnail'>\n                <a href='https:\/\/www.sensation.fr\/en\/bonus\/bonheurs-3\/'><img loading=\"lazy\" decoding=\"async\" width=\"297\" height=\"294\" src=\"https:\/\/www.sensation.fr\/wp-content\/uploads\/2018\/02\/bonheurs-3.png\" class=\"attachment-full size-full\" alt=\"\" \/><\/a>\n            <\/div>\n                <p class='wp-caption-text project-thumnail-caption'>\n                https:\/\/www.facebook.com\/PetitsBonheursS\/\n                <\/p><\/div><\/div>\n<\/p>","protected":false},"excerpt":{"rendered":"","protected":false},"author":1,"featured_media":0,"parent":0,"menu_order":0,"comment_status":"closed","ping_status":"closed","template":"page-bonus2.php","meta":{"footnotes":""},"class_list":["post-56","page","type-page","status-publish","hentry"],"yoast_head":"<!-- This site is optimized with the Yoast SEO plugin v23.7 - https:\/\/yoast.com\/wordpress\/plugins\/seo\/ -->\n<title>Bonus - Sensation<\/title>\n<meta name=\"description\" content=\"Des Petits Bonheurs offerts par sensation ! \u00e0 d\u00e9couvrir, T\u00e9l\u00e9charger et partager !\" \/>\n<meta name=\"robots\" content=\"index, follow, max-snippet:-1, max-image-preview:large, max-video-preview:-1\" \/>\n<link rel=\"canonical\" href=\"https:\/\/www.sensation.fr\/bonus\/\" \/>\n<meta property=\"og:locale\" content=\"en_US\" \/>\n<meta property=\"og:type\" content=\"article\" \/>\n<meta property=\"og:title\" content=\"[:fr]PETITS BONHEURS[:en]Bonus[:] - Sensation\" \/>\n<meta property=\"og:description\" content=\"Des Petits Bonheurs offerts par sensation ! \u00e0 d\u00e9couvrir, T\u00e9l\u00e9charger et partager !\" \/>\n<meta property=\"og:url\" content=\"https:\/\/www.sensation.fr\/bonus\/\" \/>\n<meta property=\"og:site_name\" content=\"Sensation\" \/>\n<meta property=\"article:modified_time\" content=\"2019-07-22T04:01:40+00:00\" \/>\n<meta property=\"og:image\" content=\"https:\/\/www.sensation.fr\/wp-content\/uploads\/2018\/02\/bonheurs-3.png\" \/>\n<meta name=\"twitter:card\" content=\"summary_large_image\" \/>\n<script type=\"application\/ld+json\" class=\"yoast-schema-graph\">{\"@context\":\"https:\/\/schema.org\",\"@graph\":[{\"@type\":\"WebPage\",\"@id\":\"https:\/\/www.sensation.fr\/bonus\/\",\"url\":\"https:\/\/www.sensation.fr\/bonus\/\",\"name\":\"[:fr]PETITS BONHEURS[:en]Bonus[:] - Sensation\",\"isPartOf\":{\"@id\":\"https:\/\/www.sensation.fr\/#website\"},\"datePublished\":\"2017-10-06T03:18:05+00:00\",\"dateModified\":\"2019-07-22T04:01:40+00:00\",\"description\":\"Des Petits Bonheurs offerts par sensation ! \u00e0 d\u00e9couvrir, T\u00e9l\u00e9charger et partager !\",\"breadcrumb\":{\"@id\":\"https:\/\/www.sensation.fr\/bonus\/#breadcrumb\"},\"inLanguage\":\"en-US\",\"potentialAction\":[{\"@type\":\"ReadAction\",\"target\":[\"https:\/\/www.sensation.fr\/bonus\/\"]}]},{\"@type\":\"BreadcrumbList\",\"@id\":\"https:\/\/www.sensation.fr\/bonus\/#breadcrumb\",\"itemListElement\":[{\"@type\":\"ListItem\",\"position\":1,\"name\":\"Accueil\",\"item\":\"https:\/\/www.sensation.fr\/\"},{\"@type\":\"ListItem\",\"position\":2,\"name\":\"PETITS BONHEURS\"}]},{\"@type\":\"WebSite\",\"@id\":\"https:\/\/www.sensation.fr\/#website\",\"url\":\"https:\/\/www.sensation.fr\/\",\"name\":\"Sensation\",\"description\":\"cr\u00e9ateur d&#039;\u00e9v\u00e9nements\",\"potentialAction\":[{\"@type\":\"SearchAction\",\"target\":{\"@type\":\"EntryPoint\",\"urlTemplate\":\"https:\/\/www.sensation.fr\/?s={search_term_string}\"},\"query-input\":{\"@type\":\"PropertyValueSpecification\",\"valueRequired\":true,\"valueName\":\"search_term_string\"}}],\"inLanguage\":\"en-US\"}]}<\/script>\n<!-- \/ Yoast SEO plugin. -->","yoast_head_json":{"title":"[:fr]PETITS BONHEURS[:en]Bonus[:] - Sensation","description":"Des Petits Bonheurs offerts par sensation ! \u00e0 d\u00e9couvrir, T\u00e9l\u00e9charger et partager !","robots":{"index":"index","follow":"follow","max-snippet":"max-snippet:-1","max-image-preview":"max-image-preview:large","max-video-preview":"max-video-preview:-1"},"canonical":"https:\/\/www.sensation.fr\/bonus\/","og_locale":"en_US","og_type":"article","og_title":"[:fr]PETITS BONHEURS[:en]Bonus[:] - Sensation","og_description":"Des Petits Bonheurs offerts par sensation ! \u00e0 d\u00e9couvrir, T\u00e9l\u00e9charger et partager !","og_url":"https:\/\/www.sensation.fr\/bonus\/","og_site_name":"Sensation","article_modified_time":"2019-07-22T04:01:40+00:00","og_image":[{"url":"https:\/\/www.sensation.fr\/wp-content\/uploads\/2018\/02\/bonheurs-3.png"}],"twitter_card":"summary_large_image","schema":{"@context":"https:\/\/schema.org","@graph":[{"@type":"WebPage","@id":"https:\/\/www.sensation.fr\/bonus\/","url":"https:\/\/www.sensation.fr\/bonus\/","name":"[:fr]PETITS BONHEURS[:en]Bonus[:] - Sensation","isPartOf":{"@id":"https:\/\/www.sensation.fr\/#website"},"datePublished":"2017-10-06T03:18:05+00:00","dateModified":"2019-07-22T04:01:40+00:00","description":"Des Petits Bonheurs offerts par sensation ! \u00e0 d\u00e9couvrir, T\u00e9l\u00e9charger et partager !","breadcrumb":{"@id":"https:\/\/www.sensation.fr\/bonus\/#breadcrumb"},"inLanguage":"en-US","potentialAction":[{"@type":"ReadAction","target":["https:\/\/www.sensation.fr\/bonus\/"]}]},{"@type":"BreadcrumbList","@id":"https:\/\/www.sensation.fr\/bonus\/#breadcrumb","itemListElement":[{"@type":"ListItem","position":1,"name":"Accueil","item":"https:\/\/www.sensation.fr\/"},{"@type":"ListItem","position":2,"name":"PETITS BONHEURS"}]},{"@type":"WebSite","@id":"https:\/\/www.sensation.fr\/#website","url":"https:\/\/www.sensation.fr\/","name":"Sensation","description":"cr\u00e9ateur d&#039;\u00e9v\u00e9nements","potentialAction":[{"@type":"SearchAction","target":{"@type":"EntryPoint","urlTemplate":"https:\/\/www.sensation.fr\/?s={search_term_string}"},"query-input":{"@type":"PropertyValueSpecification","valueRequired":true,"valueName":"search_term_string"}}],"inLanguage":"en-US"}]}},"_links":{"self":[{"href":"https:\/\/www.sensation.fr\/en\/wp-json\/wp\/v2\/pages\/56"}],"collection":[{"href":"https:\/\/www.sensation.fr\/en\/wp-json\/wp\/v2\/pages"}],"about":[{"href":"https:\/\/www.sensation.fr\/en\/wp-json\/wp\/v2\/types\/page"}],"author":[{"embeddable":true,"href":"https:\/\/www.sensation.fr\/en\/wp-json\/wp\/v2\/users\/1"}],"replies":[{"embeddable":true,"href":"https:\/\/www.sensation.fr\/en\/wp-json\/wp\/v2\/comments?post=56"}],"version-history":[{"count":14,"href":"https:\/\/www.sensation.fr\/en\/wp-json\/wp\/v2\/pages\/56\/revisions"}],"predecessor-version":[{"id":1909,"href":"https:\/\/www.sensation.fr\/en\/wp-json\/wp\/v2\/pages\/56\/revisions\/1909"}],"wp:attachment":[{"href":"https:\/\/www.sensation.fr\/en\/wp-json\/wp\/v2\/media?parent=56"}],"curies":[{"name":"wp","href":"https:\/\/api.w.org\/{rel}","templated":true}]}}